{"id":10888,"date":"2024-12-10T22:37:22","date_gmt":"2024-12-10T21:37:22","guid":{"rendered":"https:\/\/www.rmch.es\/?page_id=10888"},"modified":"2024-12-10T22:53:53","modified_gmt":"2024-12-10T21:53:53","slug":"10888-2","status":"publish","type":"page","link":"https:\/\/www.rmch.es\/index.php\/10888-2\/","title":{"rendered":"CAP\u00cdTULO GENERAL CELEBRADO EN LA CIUDAD DE M\u00c9XICO"},"content":{"rendered":"<p>[et_pb_section fb_built=&#8221;1&#8243; _builder_version=&#8221;4.27.0&#8243; _module_preset=&#8221;default&#8221; global_colors_info=&#8221;{}&#8221;][et_pb_row _builder_version=&#8221;4.27.0&#8243; _module_preset=&#8221;default&#8221; global_colors_info=&#8221;{}&#8221;][et_pb_column type=&#8221;4_4&#8243; _builder_version=&#8221;4.27.0&#8243; _module_preset=&#8221;default&#8221; global_colors_info=&#8221;{}&#8221;][et_pb_image src=&#8221;https:\/\/www.rmch.es\/wp-content\/uploads\/2024\/07\/RMCH.png&#8221; title_text=&#8221;RMCH&#8221; align=&#8221;center&#8221; _builder_version=&#8221;4.27.0&#8243; _module_preset=&#8221;default&#8221; global_colors_info=&#8221;{}&#8221;][\/et_pb_image][\/et_pb_column][\/et_pb_row][\/et_pb_section][et_pb_section fb_built=&#8221;1&#8243; _builder_version=&#8221;4.27.0&#8243; _module_preset=&#8221;default&#8221; global_colors_info=&#8221;{}&#8221;][et_pb_row _builder_version=&#8221;4.27.0&#8243; _module_preset=&#8221;default&#8221; global_colors_info=&#8221;{}&#8221;][et_pb_column type=&#8221;4_4&#8243; _builder_version=&#8221;4.27.0&#8243; _module_preset=&#8221;default&#8221; global_colors_info=&#8221;{}&#8221;][et_pb_text _builder_version=&#8221;4.27.0&#8243; _module_preset=&#8221;default&#8221; global_colors_info=&#8221;{}&#8221;]<\/p>\n<h1>CAP\u00cdTULO GENERAL DE LA REAL MAESTRANZA DE CABALLER\u00cdA DE LA HABANA<\/h1>\n<p>&nbsp;<\/p>\n<h2>CELEBRADO EN LA CIUDAD DE M\u00c9XICO.<\/h2>\n<p>[\/et_pb_text][\/et_pb_column][\/et_pb_row][\/et_pb_section][et_pb_section fb_built=&#8221;1&#8243; _builder_version=&#8221;4.27.0&#8243; _module_preset=&#8221;default&#8221; global_colors_info=&#8221;{}&#8221;][et_pb_row _builder_version=&#8221;4.27.0&#8243; _module_preset=&#8221;default&#8221; global_colors_info=&#8221;{}&#8221;][et_pb_column type=&#8221;4_4&#8243; _builder_version=&#8221;4.27.0&#8243; _module_preset=&#8221;default&#8221; global_colors_info=&#8221;{}&#8221;][et_pb_text _builder_version=&#8221;4.27.0&#8243; _module_preset=&#8221;default&#8221; global_colors_info=&#8221;{}&#8221;]<\/p>\n<p>En la magn\u00edfica residencia del Ilmo. Sr. D. Rafael de Tovar y L\u00f3pez-Portillo, Conde de Gustarredondo, Delegado en M\u00e9xico de la Real Maestranza de Caballer\u00eda de La Habana, se ha celebrado el pasado d\u00eda 15 de noviembre, el Cap\u00edtulo y acto de investidura en esta ciudad de los nuevos Caballeros y Damas de la citada Real Maestranza de Caballer\u00eda de La Habana, bajo la organizaci\u00f3n de su Secretario General, S.E. D. Manuel Mar\u00eda Rodr\u00edguez de Maribona y D\u00e1vila, Conde de Alba.<\/p>\n<p>Comenz\u00f3 la ceremonia sirvi\u00e9ndose un c\u00f3ctel de bienvenida, por cortes\u00eda del Sr. Conde de Gustarredondo, a todos los asistentes.<\/p>\n<p>A continuaci\u00f3n, la Maestro de Ceremonias de la Corporaci\u00f3n, la Ilma. Sra. D\u00aa. Patricia Alcaraz y Granados, se dirigi\u00f3 a todos los asistentes, abriendo el Cap\u00edtulo, para dar la palabra al reverendo padre D. Lu\u00eds Barrera, que hizo una emotiva invocaci\u00f3n religiosa y bendijo las medallas que se impondr\u00edan a los nuevos Caballeros y Damas, para seguidamente celebrar la Santa Misa, y cuya emotiva homil\u00eda fue muy celebrada.<\/p>\n<p>Tomando de nuevo la palabra la Sra. Maestro de Ceremonias, comenz\u00f3 a llamar a los nuevos Caballeros y Damas que realizar\u00edan su juramento de ingreso, y que fueron los siguientes. Como Caballeros Maestrantes lo hicieron el Ilmo. Sr. D. Rodrigo Alonso L\u00f3pez-Portillo y Lancaster-Jones, apadrinado por el Ilmo. Sr. D. Rafael Tovar y L\u00f3pez-Portillo, Conde de Gustarredondo, y el Ilmo. Sr. D. Amed Alberto de Obando y Acu\u00f1a, apadrinado por el Ilmo. Sr. D. Mauricio Fernando Af\u00e1n de Ribera de Mora y de Miranda. A continuaci\u00f3n, como Caballeros de Hermandad, juraron el Ilmo. Sr. D. Daniel Liebsohn Litsky, apadrinado por el Ilmo. Sr. D. Rafael Tovar y L\u00f3pez-Portillo, Conde de Gustarredondo; el Ilmo. Sr. D. Santiago Garc\u00eda Galv\u00e1n, apadrinado por el Ilmo. Sr. D. Rafael Tovar y L\u00f3pez-Portillo, Conde de Gustarredondo; el Ilmo. Sr. D. Diego Eduardo Reyes Beltr\u00e1n, apadrinado por el Ilmo. Sr. D. Rafael Tovar y L\u00f3pez-Portillo, Conde de Gustarredondo; el Ilmo. Sr. D. Marco Antonio Cordero Galindo, apadrinado por el Ilmo. Sr. D. Rafael Tovar y L\u00f3pez-Portillo, Conde de Gustarredondo; el Ilmo. Sr. D. Julio Gregorio Mart\u00ednez-Clark, apadrinado por el Ilmo. Sr. D. Mike de C\u00e1rdenas y Nieto; el Ilmo. Sr. D. Salvador As\u00eds Villaz\u00f3n Salem, apadrinado por el Ilmo. Sr. D. Gustavo Ferrer y Gonz\u00e1lez; el Ilmo. Sr. D. Karel D\u00edaz Reyes, apadrinado por el Ilmo. Sr. D. Mike de C\u00e1rdenas y Nieto; el Ilmo. Sr. D. Lu\u00eds Gonzaga Valls y Torrens, apadrinado por el Ilmo. Sr. D. George Alessandri; el Ilmo. Sr. D. Gerardo Lu\u00eds Cazenave Tapie Isoard, apadrinado por el Ilmo. Sr. D. George Alessandri; el Ilmo. Sr. D. Eric Jonsson Gavica, apadrinado por el Ilmo. Sr. D. George Alessandri; el Ilmo. Sr. D. Roberto Tatemura Gallegos, apadrinado por el Ilmo. Sr. D. George Alessandri; el Ilmo. Sr. D. Mariano de Jes\u00fas Luna Romero, apadrinado por el Ilmo. Sr. D. Jos\u00e9 Eligio S\u00e1nchez; el Ilmo. Sr. D. Alexandre Lemaire de Chatin, apadrinado por el Ilmo. Sr. D. Rafael Tovar y L\u00f3pez-Portillo, Conde de Gustarredondo. Seguidamente realizaron su juramento como Damas Maestrantes, la Ilma. Sra. D\u00aa Olga Carlota Mart\u00ednez del R\u00edo y Escand\u00f3n, amadrinada por la Ilma. Sra. D\u00aa. Carmen L\u00f3pez-Portillo y Romano, y la Ilma. Sra. D\u00aa Mar\u00eda del Mar Alcaraz y Granados, amadrinada por su t\u00eda, la Ilma. Sra. D\u00aa Mar\u00eda Granados de Asensio, Marquesa de Torre Hoyos. Continuaron las Damas de Hermandad, realizando su juramento la Ilma. Sra. D\u00aa Natalia Paramanova Iguminova, amadrinada por la Ilma. Sra. D\u00aa. Gemma Blasco Dom\u00ednguez, y la Ilma. Sra. D\u00aa Ilji Kim, amadrinada por la Ilma. Sra. D\u00aa. Carmen L\u00f3pez-Portillo Romano.<\/p>\n<p>Seguidamente la Maestro de Ceremonias dio la palabra al Sr. Secretario General, D. Manuel Rodr\u00edguez de Maribona y D\u00e1vila, Conde de Alba, el cual felicit\u00f3 en nombre del Sr. Teniente de Hermano Mayor y de toda la Junta de Gobierno, a los nuevos Caballeros y Damas, agradeciendo adem\u00e1s a todos los asistentes su presencia en los actos que se estaban celebrando, para continuar con una breve semblanza sobre los or\u00edgenes y la historia de la Real Maestranza de Caballer\u00eda de La Habana, fundada en 1709, as\u00ed como de sus objetivos, proyectos y hoja de ruta.<\/p>\n<p>Continu\u00f3 dando la palabra al Ilmo. Sr. D. Rafael Tovar y L\u00f3pez-Portillo, Delegado en M\u00e9xico de la Real Maestranza de Caballer\u00eda de La Habana, que pronunci\u00f3 un magnifico discurso, destacando entre otras cosas los lazos hist\u00f3ricos, culturales y sociales que unen a M\u00e9xico, Cuba y el Reino de Espa\u00f1a.<br \/>Por \u00faltimo, y para cerrar el Cap\u00edtulo, la Maestro de Ceremonias, cedi\u00f3 la palabra al Ilmo. Sr. D. Lu\u00eds de la Vega y Salazar, el cu\u00e1l en nombre de su padre, el Ilmo. Sr. Marqu\u00e9s de Almendares, de Bellavista y de Campo Florido, Teniente de Hermano Mayor, al que le fue imposible asistir por estar convaleciente de Covid, dedic\u00f3 unas bellas y sentidas palabras, agradeciendo la presencia de todos los asistentes.<\/p>\n<p>Asistieron, adem\u00e1s de los anteriormente citados, entre otros, los se\u00f1ores don Mauricio y do\u00f1a Flory Isabel Mora de Miranda, don Antonio S\u00e1nchez de Le\u00f3n, don Alejandro Gonz\u00e1lez Montesinos, do\u00f1a Mary Carmen Dur\u00e1n, don Andr\u00e9s Bracho, los Sres. de Garc\u00eda de la Huerta y Carvajal, los Sres. de Ferrer, los Sres. de S\u00e1nchez y Flores, los Sres. de Romero y los de Mart\u00ednez-Clark.<\/p>\n<p>A continuaci\u00f3n D. Rafael de Tovar y L\u00f3pez-Portillo, Conde de Gustarredondo y su familia, obsequiaron a todos los invitados con una magn\u00edfico c\u00f3ctel-cena, amenizado por un grupo musical, que se prolong\u00f3 hasta altas horas de la noche.<\/p>\n<p>[\/et_pb_text][\/et_pb_column][\/et_pb_row][et_pb_row _builder_version=&#8221;4.27.0&#8243; _module_preset=&#8221;default&#8221; global_colors_info=&#8221;{}&#8221;][et_pb_column type=&#8221;4_4&#8243; _builder_version=&#8221;4.27.0&#8243; _module_preset=&#8221;default&#8221; global_colors_info=&#8221;{}&#8221;][et_pb_gallery gallery_ids=&#8221;10954,10953,10952,10951,10950,10949,10943,10944,10945,10946,10947,10948,10942,10941,10940,10939,10938,10937,10931,10932,10933,10934,10935,10936,10930,10929,10928,10927,10926,10925,10919,10920,10921,10922,10923,10924,10918,10917,10916,10915,10914,10913,10907,10908,10909,10910,10911,10912,10906,10903,10902,10901,10900,10899&#8243; show_title_and_caption=&#8221;off&#8221; _builder_version=&#8221;4.27.0&#8243; _module_preset=&#8221;default&#8221; global_colors_info=&#8221;{}&#8221;][\/et_pb_gallery][\/et_pb_column][\/et_pb_row][\/et_pb_section]<\/p>\n","protected":false},"excerpt":{"rendered":"<p>CAP\u00cdTULO GENERAL DE LA REAL MAESTRANZA DE CABALLER\u00cdA DE LA HABANA &nbsp; CELEBRADO EN LA CIUDAD DE M\u00c9XICO.En la magn\u00edfica residencia del Ilmo. Sr. D. Rafael de Tovar y L\u00f3pez-Portillo, Conde de Gustarredondo, Delegado en M\u00e9xico de la Real Maestranza de Caballer\u00eda de La Habana, se ha celebrado el pasado d\u00eda 15 de noviembre, el [&hellip;]<\/p>\n","protected":false},"author":1,"featured_media":0,"parent":0,"menu_order":0,"comment_status":"closed","ping_status":"closed","template":"","meta":{"_et_pb_use_builder":"on","_et_pb_old_content":"","_et_gb_content_width":"","content-type":"","footnotes":""},"class_list":["post-10888","page","type-page","status-publish","hentry"],"yoast_head":"<!-- This site is optimized with the Yoast SEO plugin v27.4 - https:\/\/yoast.com\/product\/yoast-seo-wordpress\/ -->\n<title>CAP\u00cdTULO GENERAL CELEBRADO EN LA CIUDAD DE M\u00c9XICO - Real Maestranza de Caballer\u00eda de La Habana<\/title>\n<meta name=\"robots\" content=\"index, follow, max-snippet:-1, max-image-preview:large, max-video-preview:-1\" \/>\n<link rel=\"canonical\" href=\"https:\/\/www.rmch.es\/index.php\/10888-2\/\" \/>\n<meta property=\"og:locale\" content=\"es_ES\" \/>\n<meta property=\"og:type\" content=\"article\" \/>\n<meta property=\"og:title\" content=\"CAP\u00cdTULO GENERAL CELEBRADO EN LA CIUDAD DE M\u00c9XICO - Real Maestranza de Caballer\u00eda de La Habana\" \/>\n<meta property=\"og:description\" content=\"CAP\u00cdTULO GENERAL DE LA REAL MAESTRANZA DE CABALLER\u00cdA DE LA HABANA &nbsp; CELEBRADO EN LA CIUDAD DE M\u00c9XICO.En la magn\u00edfica residencia del Ilmo. Sr. D. Rafael de Tovar y L\u00f3pez-Portillo, Conde de Gustarredondo, Delegado en M\u00e9xico de la Real Maestranza de Caballer\u00eda de La Habana, se ha celebrado el pasado d\u00eda 15 de noviembre, el [&hellip;]\" \/>\n<meta property=\"og:url\" content=\"https:\/\/www.rmch.es\/index.php\/10888-2\/\" \/>\n<meta property=\"og:site_name\" content=\"Real Maestranza de Caballer\u00eda de La Habana\" \/>\n<meta property=\"article:modified_time\" content=\"2024-12-10T21:53:53+00:00\" \/>\n<meta name=\"twitter:card\" content=\"summary_large_image\" \/>\n<meta name=\"twitter:label1\" content=\"Tiempo de lectura\" \/>\n\t<meta name=\"twitter:data1\" content=\"16 minutos\" \/>\n<script type=\"application\/ld+json\" class=\"yoast-schema-graph\">{\"@context\":\"https:\\\/\\\/schema.org\",\"@graph\":[{\"@type\":\"WebPage\",\"@id\":\"https:\\\/\\\/www.rmch.es\\\/index.php\\\/10888-2\\\/\",\"url\":\"https:\\\/\\\/www.rmch.es\\\/index.php\\\/10888-2\\\/\",\"name\":\"CAP\u00cdTULO GENERAL CELEBRADO EN LA CIUDAD DE M\u00c9XICO - Real Maestranza de Caballer\u00eda de La Habana\",\"isPartOf\":{\"@id\":\"https:\\\/\\\/www.rmch.es\\\/#website\"},\"datePublished\":\"2024-12-10T21:37:22+00:00\",\"dateModified\":\"2024-12-10T21:53:53+00:00\",\"breadcrumb\":{\"@id\":\"https:\\\/\\\/www.rmch.es\\\/index.php\\\/10888-2\\\/#breadcrumb\"},\"inLanguage\":\"es\",\"potentialAction\":[{\"@type\":\"ReadAction\",\"target\":[\"https:\\\/\\\/www.rmch.es\\\/index.php\\\/10888-2\\\/\"]}]},{\"@type\":\"BreadcrumbList\",\"@id\":\"https:\\\/\\\/www.rmch.es\\\/index.php\\\/10888-2\\\/#breadcrumb\",\"itemListElement\":[{\"@type\":\"ListItem\",\"position\":1,\"name\":\"Portada\",\"item\":\"https:\\\/\\\/www.rmch.es\\\/\"},{\"@type\":\"ListItem\",\"position\":2,\"name\":\"CAP\u00cdTULO GENERAL CELEBRADO EN LA CIUDAD DE M\u00c9XICO\"}]},{\"@type\":\"WebSite\",\"@id\":\"https:\\\/\\\/www.rmch.es\\\/#website\",\"url\":\"https:\\\/\\\/www.rmch.es\\\/\",\"name\":\"Real Maestranza de Caballer\u00eda de La Habana\",\"description\":\"Real Maestranza de Caballer\u00eda de La Habana,\",\"publisher\":{\"@id\":\"https:\\\/\\\/www.rmch.es\\\/#organization\"},\"potentialAction\":[{\"@type\":\"SearchAction\",\"target\":{\"@type\":\"EntryPoint\",\"urlTemplate\":\"https:\\\/\\\/www.rmch.es\\\/?s={search_term_string}\"},\"query-input\":{\"@type\":\"PropertyValueSpecification\",\"valueRequired\":true,\"valueName\":\"search_term_string\"}}],\"inLanguage\":\"es\"},{\"@type\":\"Organization\",\"@id\":\"https:\\\/\\\/www.rmch.es\\\/#organization\",\"name\":\"Real Maestranza de Caballer\u00eda de La Habana\",\"url\":\"https:\\\/\\\/www.rmch.es\\\/\",\"logo\":{\"@type\":\"ImageObject\",\"inLanguage\":\"es\",\"@id\":\"https:\\\/\\\/www.rmch.es\\\/#\\\/schema\\\/logo\\\/image\\\/\",\"url\":\"https:\\\/\\\/www.rmch.es\\\/wp-content\\\/uploads\\\/2019\\\/11\\\/Emblem_of_the_Royal_Cavalry_Armory_of_Havana.svg_.png\",\"contentUrl\":\"https:\\\/\\\/www.rmch.es\\\/wp-content\\\/uploads\\\/2019\\\/11\\\/Emblem_of_the_Royal_Cavalry_Armory_of_Havana.svg_.png\",\"width\":500,\"height\":629,\"caption\":\"Real Maestranza de Caballer\u00eda de La Habana\"},\"image\":{\"@id\":\"https:\\\/\\\/www.rmch.es\\\/#\\\/schema\\\/logo\\\/image\\\/\"}}]}<\/script>\n<!-- \/ Yoast SEO plugin. -->","yoast_head_json":{"title":"CAP\u00cdTULO GENERAL CELEBRADO EN LA CIUDAD DE M\u00c9XICO - Real Maestranza de Caballer\u00eda de La Habana","robots":{"index":"index","follow":"follow","max-snippet":"max-snippet:-1","max-image-preview":"max-image-preview:large","max-video-preview":"max-video-preview:-1"},"canonical":"https:\/\/www.rmch.es\/index.php\/10888-2\/","og_locale":"es_ES","og_type":"article","og_title":"CAP\u00cdTULO GENERAL CELEBRADO EN LA CIUDAD DE M\u00c9XICO - Real Maestranza de Caballer\u00eda de La Habana","og_description":"CAP\u00cdTULO GENERAL DE LA REAL MAESTRANZA DE CABALLER\u00cdA DE LA HABANA &nbsp; CELEBRADO EN LA CIUDAD DE M\u00c9XICO.En la magn\u00edfica residencia del Ilmo. Sr. D. Rafael de Tovar y L\u00f3pez-Portillo, Conde de Gustarredondo, Delegado en M\u00e9xico de la Real Maestranza de Caballer\u00eda de La Habana, se ha celebrado el pasado d\u00eda 15 de noviembre, el [&hellip;]","og_url":"https:\/\/www.rmch.es\/index.php\/10888-2\/","og_site_name":"Real Maestranza de Caballer\u00eda de La Habana","article_modified_time":"2024-12-10T21:53:53+00:00","twitter_card":"summary_large_image","twitter_misc":{"Tiempo de lectura":"16 minutos"},"schema":{"@context":"https:\/\/schema.org","@graph":[{"@type":"WebPage","@id":"https:\/\/www.rmch.es\/index.php\/10888-2\/","url":"https:\/\/www.rmch.es\/index.php\/10888-2\/","name":"CAP\u00cdTULO GENERAL CELEBRADO EN LA CIUDAD DE M\u00c9XICO - Real Maestranza de Caballer\u00eda de La Habana","isPartOf":{"@id":"https:\/\/www.rmch.es\/#website"},"datePublished":"2024-12-10T21:37:22+00:00","dateModified":"2024-12-10T21:53:53+00:00","breadcrumb":{"@id":"https:\/\/www.rmch.es\/index.php\/10888-2\/#breadcrumb"},"inLanguage":"es","potentialAction":[{"@type":"ReadAction","target":["https:\/\/www.rmch.es\/index.php\/10888-2\/"]}]},{"@type":"BreadcrumbList","@id":"https:\/\/www.rmch.es\/index.php\/10888-2\/#breadcrumb","itemListElement":[{"@type":"ListItem","position":1,"name":"Portada","item":"https:\/\/www.rmch.es\/"},{"@type":"ListItem","position":2,"name":"CAP\u00cdTULO GENERAL CELEBRADO EN LA CIUDAD DE M\u00c9XICO"}]},{"@type":"WebSite","@id":"https:\/\/www.rmch.es\/#website","url":"https:\/\/www.rmch.es\/","name":"Real Maestranza de Caballer\u00eda de La Habana","description":"Real Maestranza de Caballer\u00eda de La Habana,","publisher":{"@id":"https:\/\/www.rmch.es\/#organization"},"potentialAction":[{"@type":"SearchAction","target":{"@type":"EntryPoint","urlTemplate":"https:\/\/www.rmch.es\/?s={search_term_string}"},"query-input":{"@type":"PropertyValueSpecification","valueRequired":true,"valueName":"search_term_string"}}],"inLanguage":"es"},{"@type":"Organization","@id":"https:\/\/www.rmch.es\/#organization","name":"Real Maestranza de Caballer\u00eda de La Habana","url":"https:\/\/www.rmch.es\/","logo":{"@type":"ImageObject","inLanguage":"es","@id":"https:\/\/www.rmch.es\/#\/schema\/logo\/image\/","url":"https:\/\/www.rmch.es\/wp-content\/uploads\/2019\/11\/Emblem_of_the_Royal_Cavalry_Armory_of_Havana.svg_.png","contentUrl":"https:\/\/www.rmch.es\/wp-content\/uploads\/2019\/11\/Emblem_of_the_Royal_Cavalry_Armory_of_Havana.svg_.png","width":500,"height":629,"caption":"Real Maestranza de Caballer\u00eda de La Habana"},"image":{"@id":"https:\/\/www.rmch.es\/#\/schema\/logo\/image\/"}}]}},"_links":{"self":[{"href":"https:\/\/www.rmch.es\/index.php\/wp-json\/wp\/v2\/pages\/10888","targetHints":{"allow":["GET"]}}],"collection":[{"href":"https:\/\/www.rmch.es\/index.php\/wp-json\/wp\/v2\/pages"}],"about":[{"href":"https:\/\/www.rmch.es\/index.php\/wp-json\/wp\/v2\/types\/page"}],"author":[{"embeddable":true,"href":"https:\/\/www.rmch.es\/index.php\/wp-json\/wp\/v2\/users\/1"}],"replies":[{"embeddable":true,"href":"https:\/\/www.rmch.es\/index.php\/wp-json\/wp\/v2\/comments?post=10888"}],"version-history":[{"count":14,"href":"https:\/\/www.rmch.es\/index.php\/wp-json\/wp\/v2\/pages\/10888\/revisions"}],"predecessor-version":[{"id":10973,"href":"https:\/\/www.rmch.es\/index.php\/wp-json\/wp\/v2\/pages\/10888\/revisions\/10973"}],"wp:attachment":[{"href":"https:\/\/www.rmch.es\/index.php\/wp-json\/wp\/v2\/media?parent=10888"}],"curies":[{"name":"wp","href":"https:\/\/api.w.org\/{rel}","templated":true}]}}