{"id":111,"date":"2020-01-19T16:47:24","date_gmt":"2020-01-19T15:47:24","guid":{"rendered":"http:\/\/www.rmch.es\/?page_id=111"},"modified":"2020-02-24T13:00:45","modified_gmt":"2020-02-24T12:00:45","slug":"objetivos","status":"publish","type":"page","link":"https:\/\/www.rmch.es\/index.php\/objetivos\/","title":{"rendered":"Objetivos"},"content":{"rendered":"<p>[et_pb_section fb_built=&#8221;1&#8243; fullwidth=&#8221;on&#8221; _builder_version=&#8221;4.0.5&#8243; background_color=&#8221;#2ea3f2&#8243; use_background_color_gradient=&#8221;on&#8221; background_color_gradient_start=&#8221;#2ea3f2&#8243; background_color_gradient_end=&#8221;#16297c&#8221; background_color_gradient_type=&#8221;radial&#8221;][et_pb_fullwidth_header title=&#8221;Objetivos&#8221; subhead=&#8221;La Real Maestranza de Caballer\u00eda de La Habana&#8221; _builder_version=&#8221;3.16&#8243; title_font=&#8221;||||||||&#8221; background_color=&#8221;rgba(255, 255, 255, 0)&#8221; button_one_text_size__hover_enabled=&#8221;off&#8221; button_two_text_size__hover_enabled=&#8221;off&#8221; button_one_text_color__hover_enabled=&#8221;off&#8221; button_two_text_color__hover_enabled=&#8221;off&#8221; button_one_border_width__hover_enabled=&#8221;off&#8221; button_two_border_width__hover_enabled=&#8221;off&#8221; button_one_border_color__hover_enabled=&#8221;off&#8221; button_two_border_color__hover_enabled=&#8221;off&#8221; button_one_border_radius__hover_enabled=&#8221;off&#8221; button_two_border_radius__hover_enabled=&#8221;off&#8221; button_one_letter_spacing__hover_enabled=&#8221;off&#8221; button_two_letter_spacing__hover_enabled=&#8221;off&#8221; button_one_bg_color__hover_enabled=&#8221;off&#8221; button_two_bg_color__hover_enabled=&#8221;off&#8221;][\/et_pb_fullwidth_header][\/et_pb_section][et_pb_section fb_built=&#8221;1&#8243; _builder_version=&#8221;3.22&#8243;][et_pb_row _builder_version=&#8221;4.2.1&#8243; background_size=&#8221;initial&#8221; background_position=&#8221;top_left&#8221; background_repeat=&#8221;repeat&#8221; module_alignment=&#8221;center&#8221; custom_margin=&#8221;|905px||auto||&#8221;][et_pb_column type=&#8221;4_4&#8243; _builder_version=&#8221;4.0.5&#8243; custom_padding=&#8221;|||&#8221; custom_padding__hover=&#8221;|||&#8221;][et_pb_text _builder_version=&#8221;4.0.5&#8243; background_size=&#8221;initial&#8221; background_position=&#8221;top_left&#8221; background_repeat=&#8221;repeat&#8221; width=&#8221;100%&#8221;]<\/p>\n<h2 style=\"text-align: center;\">La Real Maestranza de Caballer\u00eda de La Habana<\/h2>\n<p>&nbsp;<\/p>\n<p>La Real Maestranza de Caballer\u00eda de La Habana se ha refundado como asociaci\u00f3n sin \u00e1nimo de lucro, el d\u00eda 9 de noviembre de 2011, con el nombre provisional de Maestranza de Caballer\u00eda de La Habana (inscrita en el Registro de Asociaciones del Ministerio del Interior).<\/p>\n<p>Como se recoge en el art\u00edculo primero de sus Estatutos \u201cCon el nombre de MAESTRANZA DE CABALLER\u00cdA DE LA HABANA, se constituye en Madrid, con fecha 9 de noviembre de 2015, una Asociaci\u00f3n no lucrativa, que agrupa en su seno a los descendientes de la antigua REAL MAESTRANZA DE CABALLER\u00cdA DE LA HABANA, as\u00ed como a aquellas otras personas que, afines a su esp\u00edritu, re\u00fanan las condiciones definidas en el T\u00edtulo VI. <em>La Maestranza de Caballer\u00eda de la Habana fue fundada en esta ciudad en el a\u00f1o 1709, y a partir de 1713 se comenz\u00f3 a denominar REAL MAESTRANZA DE CABALLER\u00cdA DE LA HABANA, por el Real Decreto de 26 de agosto de 1713, firmado por S.M. el Rey Don Felipe V<\/em>.\u201d<\/p>\n<p><strong>LA MAESTRANZA DE CABALLER\u00cdA DE LA HABANA<\/strong>, seg\u00fan se sigue especificando en sus Estatutos,\u00a0 se propone, principalmente, organizar corporativamente a la antigua nobleza hispano cubana, especialmente la relacionada con la Real Maestranza de Caballer\u00eda de La Habana, pero al ser la \u00fanica que se fund\u00f3 en la Am\u00e9rica espa\u00f1ola, estar\u00e1 abierta a todos los antiguos territorios hispano americanos, que estuvieron bajo la tutela de la Corona espa\u00f1ola, manteniendo as\u00ed una tradici\u00f3n varias veces centenaria.<\/p>\n<p>[\/et_pb_text][\/et_pb_column][\/et_pb_row][et_pb_row _builder_version=&#8221;4.3.2&#8243; column_structure=&#8221;1_2,1_2&#8243;][et_pb_column _builder_version=&#8221;4.3.2&#8243; type=&#8221;1_2&#8243;][et_pb_image src=&#8221;https:\/\/www.rmch.es\/wp-content\/uploads\/2019\/11\/WhatsApp-Image-2019-11-04-at-22.14.06.jpeg&#8221; _builder_version=&#8221;4.3.2&#8243; hover_enabled=&#8221;0&#8243;][\/et_pb_image][\/et_pb_column][et_pb_column _builder_version=&#8221;4.3.2&#8243; type=&#8221;1_2&#8243;][et_pb_code _builder_version=&#8221;4.3.2&#8243; hover_enabled=&#8221;0&#8243;]<!-- Begin Mailchimp Signup Form --><!-- [et_pb_line_break_holder] --><link href=\"\/\/cdn-images.mailchimp.com\/embedcode\/classic-10_7.css\" rel=\"stylesheet\" type=\"text\/css\"><!-- [et_pb_line_break_holder] --><\/p>\n<style type=\"text\/css\"><!-- [et_pb_line_break_holder] -->\t#mc_embed_signup{background:#fff; clear:left; font:14px Helvetica,Arial,sans-serif; }<!-- [et_pb_line_break_holder] -->\t\/* Add your own Mailchimp form style overrides in your site stylesheet or in this style block.<!-- [et_pb_line_break_holder] -->\t   We recommend moving this block and the preceding CSS link to the HEAD of your HTML file. *\/<!-- [et_pb_line_break_holder] --><\/style>\n<p><!-- [et_pb_line_break_holder] --><\/p>\n<div id=\"mc_embed_signup\"><!-- [et_pb_line_break_holder] --><\/p>\n<form action=\"https:\/\/rmch.us5.list-manage.com\/subscribe\/post?u=4515ff9d1cac27637815147ef&amp;id=7f4f728f00\" method=\"post\" id=\"mc-embedded-subscribe-form\" name=\"mc-embedded-subscribe-form\" class=\"validate\" target=\"_blank\" novalidate><!-- [et_pb_line_break_holder] -->    <\/p>\n<div id=\"mc_embed_signup_scroll\"><!-- [et_pb_line_break_holder] -->\t<\/p>\n<h2>Subscribe<\/h2>\n<p><!-- [et_pb_line_break_holder] --><\/p>\n<div class=\"indicates-required\"><span class=\"asterisk\">*<\/span> indicates required<\/div>\n<p><!-- [et_pb_line_break_holder] --><\/p>\n<div class=\"mc-field-group\"><!-- [et_pb_line_break_holder] -->\t<label for=\"mce-EMAIL\">Email  <span class=\"asterisk\">*<\/span><!-- [et_pb_line_break_holder] --><\/label><!-- [et_pb_line_break_holder] -->\t<input type=\"email\" value=\"\" name=\"EMAIL\" class=\"required email\" id=\"mce-EMAIL\"><!-- [et_pb_line_break_holder] --><\/div>\n<p><!-- [et_pb_line_break_holder] --><\/p>\n<div class=\"mc-field-group\"><!-- [et_pb_line_break_holder] -->\t<label for=\"mce-FNAME\">Nombre  <span class=\"asterisk\">*<\/span><!-- [et_pb_line_break_holder] --><\/label><!-- [et_pb_line_break_holder] -->\t<input type=\"text\" value=\"\" name=\"FNAME\" class=\"required\" id=\"mce-FNAME\"><!-- [et_pb_line_break_holder] --><\/div>\n<p><!-- [et_pb_line_break_holder] -->\t<\/p>\n<div id=\"mce-responses\" class=\"clear\"><!-- [et_pb_line_break_holder] -->\t\t<\/p>\n<div class=\"response\" id=\"mce-error-response\" style=\"display:none\"><\/div>\n<p><!-- [et_pb_line_break_holder] -->\t\t<\/p>\n<div class=\"response\" id=\"mce-success-response\" style=\"display:none\"><\/div>\n<p><!-- [et_pb_line_break_holder] -->\t<\/div>\n<p>    <!-- real people should not fill this in and expect good things - do not remove this or risk form bot signups--><!-- [et_pb_line_break_holder] -->    <\/p>\n<div style=\"position: absolute; left: -5000px;\" aria-hidden=\"true\"><input type=\"text\" name=\"b_4515ff9d1cac27637815147ef_7f4f728f00\" tabindex=\"-1\" value=\"\"><\/div>\n<p><!-- [et_pb_line_break_holder] -->    <\/p>\n<div class=\"clear\"><input type=\"submit\" value=\"Subscribe\" name=\"subscribe\" id=\"mc-embedded-subscribe\" class=\"button\"><\/div>\n<p><!-- [et_pb_line_break_holder] -->    <\/div>\n<p><!-- [et_pb_line_break_holder] --><\/form>\n<p><!-- [et_pb_line_break_holder] --><\/div>\n<p><!-- [et_pb_line_break_holder] --><script type='text\/javascript' src='\/\/s3.amazonaws.com\/downloads.mailchimp.com\/js\/mc-validate.js'><\/script><script type='text\/javascript'>(function($) {window.fnames = new Array(); window.ftypes = new Array();fnames[0]='EMAIL';ftypes[0]='email';fnames[1]='FNAME';ftypes[1]='text';fnames[4]='PHONE';ftypes[4]='phone';}(jQuery));var $mcj = jQuery.noConflict(true);<\/script><!-- [et_pb_line_break_holder] --><!--End mc_embed_signup-->[\/et_pb_code][\/et_pb_column][\/et_pb_row][et_pb_row column_structure=&#8221;1_2,1_2&#8243; _builder_version=&#8221;3.25&#8243; background_size=&#8221;initial&#8221; background_position=&#8221;top_left&#8221; background_repeat=&#8221;repeat&#8221;][et_pb_column type=&#8221;1_2&#8243; _builder_version=&#8221;3.25&#8243; custom_padding=&#8221;|||&#8221; custom_padding__hover=&#8221;|||&#8221;][et_pb_text _builder_version=&#8221;3.27.4&#8243; background_size=&#8221;initial&#8221; background_position=&#8221;top_left&#8221; background_repeat=&#8221;repeat&#8221;]<\/p>\n<h3>Promoci\u00f3n hist\u00f3rica, territorial, social y cultural de Cuba<\/h3>\n<p>Impulsar culturalmente mediante distintos programas, l\u00edneas de promoci\u00f3n hist\u00f3rica, territorial, social y cultural de Cuba y de todos los pa\u00edses americanos del \u00e1mbito de la monarqu\u00eda hisp\u00e1nica.<\/p>\n<p>[\/et_pb_text][\/et_pb_column][et_pb_column type=&#8221;1_2&#8243; _builder_version=&#8221;3.25&#8243; custom_padding=&#8221;|||&#8221; custom_padding__hover=&#8221;|||&#8221;][et_pb_text _builder_version=&#8221;3.27.4&#8243; background_size=&#8221;initial&#8221; background_position=&#8221;top_left&#8221; background_repeat=&#8221;repeat&#8221;]<\/p>\n<h3>Temas hist\u00f3ricos, geneal\u00f3gicos, nobiliarios y her\u00e1ldicos<\/h3>\n<p>Catalogaci\u00f3n de archivos, con fondos referentes a temas hist\u00f3ricos, geneal\u00f3gicos, nobiliarios y her\u00e1ldicos tanto cubanos, como de toda la antigua Am\u00e9rica espa\u00f1ola, as\u00ed como investigaci\u00f3n en los mismos, con vistas a su publicaci\u00f3n y mejor conocimiento.<\/p>\n<p>[\/et_pb_text][\/et_pb_column][\/et_pb_row][et_pb_row column_structure=&#8221;1_3,1_3,1_3&#8243; _builder_version=&#8221;3.25&#8243; background_size=&#8221;initial&#8221; background_position=&#8221;top_left&#8221; background_repeat=&#8221;repeat&#8221;][et_pb_column type=&#8221;1_3&#8243; _builder_version=&#8221;3.25&#8243; custom_padding=&#8221;|||&#8221; custom_padding__hover=&#8221;|||&#8221;][et_pb_text _builder_version=&#8221;3.27.4&#8243; background_size=&#8221;initial&#8221; background_position=&#8221;top_left&#8221; background_repeat=&#8221;repeat&#8221; custom_padding=&#8221;||0px|||&#8221;]<\/p>\n<h4>Patrimonio art\u00edstico-cultural<\/h4>\n<p>Catalogaci\u00f3n y defensa del Patrimonio art\u00edstico-cultural y medio-ambiental de Cuba, y su expansi\u00f3n en el territorio de la antigua Am\u00e9rica hisp\u00e1nica.<\/p>\n<p>[\/et_pb_text][\/et_pb_column][et_pb_column type=&#8221;1_3&#8243; _builder_version=&#8221;3.25&#8243; custom_padding=&#8221;|||&#8221; custom_padding__hover=&#8221;|||&#8221;][et_pb_text _builder_version=&#8221;3.27.4&#8243; background_size=&#8221;initial&#8221; background_position=&#8221;top_left&#8221; background_repeat=&#8221;repeat&#8221;]<\/p>\n<h4>Historia de Cuba<\/h4>\n<p>Concesi\u00f3n de becas, u otras ayudas, a estudiantes, con el fin de contribuir al mejor conocimiento de la Historia de Cuba y de todos los antiguos territorios de la Am\u00e9rica Hisp\u00e1nica, sobre todo en lo que al \u00e1mbito de la relaci\u00f3n con el Reino de Espa\u00f1a.<\/p>\n<p>[\/et_pb_text][\/et_pb_column][et_pb_column type=&#8221;1_3&#8243; _builder_version=&#8221;3.25&#8243; custom_padding=&#8221;|||&#8221; custom_padding__hover=&#8221;|||&#8221;][et_pb_text _builder_version=&#8221;3.27.4&#8243; background_size=&#8221;initial&#8221; background_position=&#8221;top_left&#8221; background_repeat=&#8221;repeat&#8221;]<\/p>\n<h4>Celebraci\u00f3n de actos p\u00fablicos y sociales<\/h4>\n<p>Celebraci\u00f3n de actos p\u00fablicos y sociales, otorgamiento de distinciones y premios, as\u00ed como el desarrollo de cualquier actividad de contenido y prop\u00f3sito semejantes a los que constituyen su fin, tanto en el Reino de Espa\u00f1a, como en Cuba y cualesquiera de los territorios americanos que dependieron de la Monarqu\u00eda Hisp\u00e1nica.<\/p>\n<p>[\/et_pb_text][\/et_pb_column][\/et_pb_row][\/et_pb_section]<\/p>\n","protected":false},"excerpt":{"rendered":"<p>La Real Maestranza de Caballer\u00eda de La Habana &nbsp; La Real Maestranza de Caballer\u00eda de La Habana se ha refundado como asociaci\u00f3n sin \u00e1nimo de lucro, el d\u00eda 9 de noviembre de 2011, con el nombre provisional de Maestranza de Caballer\u00eda de La Habana (inscrita en el Registro de Asociaciones del Ministerio del Interior). Como [&hellip;]<\/p>\n","protected":false},"author":1,"featured_media":0,"parent":0,"menu_order":0,"comment_status":"closed","ping_status":"closed","template":"","meta":{"_et_pb_use_builder":"on","_et_pb_old_content":"","_et_gb_content_width":"","content-type":"","footnotes":""},"class_list":["post-111","page","type-page","status-publish","hentry"],"yoast_head":"<!-- This site is optimized with the Yoast SEO plugin v27.4 - https:\/\/yoast.com\/product\/yoast-seo-wordpress\/ -->\n<title>Objetivos - Real Maestranza de Caballer\u00eda de La Habana<\/title>\n<meta name=\"robots\" content=\"index, follow, max-snippet:-1, max-image-preview:large, max-video-preview:-1\" \/>\n<link rel=\"canonical\" href=\"https:\/\/www.rmch.es\/index.php\/objetivos\/\" \/>\n<meta property=\"og:locale\" content=\"es_ES\" \/>\n<meta property=\"og:type\" content=\"article\" \/>\n<meta property=\"og:title\" content=\"Objetivos - Real Maestranza de Caballer\u00eda de La Habana\" \/>\n<meta property=\"og:description\" content=\"La Real Maestranza de Caballer\u00eda de La Habana &nbsp; La Real Maestranza de Caballer\u00eda de La Habana se ha refundado como asociaci\u00f3n sin \u00e1nimo de lucro, el d\u00eda 9 de noviembre de 2011, con el nombre provisional de Maestranza de Caballer\u00eda de La Habana (inscrita en el Registro de Asociaciones del Ministerio del Interior). Como [&hellip;]\" \/>\n<meta property=\"og:url\" content=\"https:\/\/www.rmch.es\/index.php\/objetivos\/\" \/>\n<meta property=\"og:site_name\" content=\"Real Maestranza de Caballer\u00eda de La Habana\" \/>\n<meta property=\"article:modified_time\" content=\"2020-02-24T12:00:45+00:00\" \/>\n<meta name=\"twitter:card\" content=\"summary_large_image\" \/>\n<meta name=\"twitter:label1\" content=\"Tiempo de lectura\" \/>\n\t<meta name=\"twitter:data1\" content=\"5 minutos\" \/>\n<script type=\"application\/ld+json\" class=\"yoast-schema-graph\">{\"@context\":\"https:\\\/\\\/schema.org\",\"@graph\":[{\"@type\":\"WebPage\",\"@id\":\"https:\\\/\\\/www.rmch.es\\\/index.php\\\/objetivos\\\/\",\"url\":\"https:\\\/\\\/www.rmch.es\\\/index.php\\\/objetivos\\\/\",\"name\":\"Objetivos - Real Maestranza de Caballer\u00eda de La Habana\",\"isPartOf\":{\"@id\":\"https:\\\/\\\/www.rmch.es\\\/#website\"},\"datePublished\":\"2020-01-19T15:47:24+00:00\",\"dateModified\":\"2020-02-24T12:00:45+00:00\",\"breadcrumb\":{\"@id\":\"https:\\\/\\\/www.rmch.es\\\/index.php\\\/objetivos\\\/#breadcrumb\"},\"inLanguage\":\"es\",\"potentialAction\":[{\"@type\":\"ReadAction\",\"target\":[\"https:\\\/\\\/www.rmch.es\\\/index.php\\\/objetivos\\\/\"]}]},{\"@type\":\"BreadcrumbList\",\"@id\":\"https:\\\/\\\/www.rmch.es\\\/index.php\\\/objetivos\\\/#breadcrumb\",\"itemListElement\":[{\"@type\":\"ListItem\",\"position\":1,\"name\":\"Portada\",\"item\":\"https:\\\/\\\/www.rmch.es\\\/\"},{\"@type\":\"ListItem\",\"position\":2,\"name\":\"Objetivos\"}]},{\"@type\":\"WebSite\",\"@id\":\"https:\\\/\\\/www.rmch.es\\\/#website\",\"url\":\"https:\\\/\\\/www.rmch.es\\\/\",\"name\":\"Real Maestranza de Caballer\u00eda de La Habana\",\"description\":\"Real Maestranza de Caballer\u00eda de La Habana,\",\"publisher\":{\"@id\":\"https:\\\/\\\/www.rmch.es\\\/#organization\"},\"potentialAction\":[{\"@type\":\"SearchAction\",\"target\":{\"@type\":\"EntryPoint\",\"urlTemplate\":\"https:\\\/\\\/www.rmch.es\\\/?s={search_term_string}\"},\"query-input\":{\"@type\":\"PropertyValueSpecification\",\"valueRequired\":true,\"valueName\":\"search_term_string\"}}],\"inLanguage\":\"es\"},{\"@type\":\"Organization\",\"@id\":\"https:\\\/\\\/www.rmch.es\\\/#organization\",\"name\":\"Real Maestranza de Caballer\u00eda de La Habana\",\"url\":\"https:\\\/\\\/www.rmch.es\\\/\",\"logo\":{\"@type\":\"ImageObject\",\"inLanguage\":\"es\",\"@id\":\"https:\\\/\\\/www.rmch.es\\\/#\\\/schema\\\/logo\\\/image\\\/\",\"url\":\"https:\\\/\\\/www.rmch.es\\\/wp-content\\\/uploads\\\/2019\\\/11\\\/Emblem_of_the_Royal_Cavalry_Armory_of_Havana.svg_.png\",\"contentUrl\":\"https:\\\/\\\/www.rmch.es\\\/wp-content\\\/uploads\\\/2019\\\/11\\\/Emblem_of_the_Royal_Cavalry_Armory_of_Havana.svg_.png\",\"width\":500,\"height\":629,\"caption\":\"Real Maestranza de Caballer\u00eda de La Habana\"},\"image\":{\"@id\":\"https:\\\/\\\/www.rmch.es\\\/#\\\/schema\\\/logo\\\/image\\\/\"}}]}<\/script>\n<!-- \/ Yoast SEO plugin. -->","yoast_head_json":{"title":"Objetivos - Real Maestranza de Caballer\u00eda de La Habana","robots":{"index":"index","follow":"follow","max-snippet":"max-snippet:-1","max-image-preview":"max-image-preview:large","max-video-preview":"max-video-preview:-1"},"canonical":"https:\/\/www.rmch.es\/index.php\/objetivos\/","og_locale":"es_ES","og_type":"article","og_title":"Objetivos - Real Maestranza de Caballer\u00eda de La Habana","og_description":"La Real Maestranza de Caballer\u00eda de La Habana &nbsp; La Real Maestranza de Caballer\u00eda de La Habana se ha refundado como asociaci\u00f3n sin \u00e1nimo de lucro, el d\u00eda 9 de noviembre de 2011, con el nombre provisional de Maestranza de Caballer\u00eda de La Habana (inscrita en el Registro de Asociaciones del Ministerio del Interior). Como [&hellip;]","og_url":"https:\/\/www.rmch.es\/index.php\/objetivos\/","og_site_name":"Real Maestranza de Caballer\u00eda de La Habana","article_modified_time":"2020-02-24T12:00:45+00:00","twitter_card":"summary_large_image","twitter_misc":{"Tiempo de lectura":"5 minutos"},"schema":{"@context":"https:\/\/schema.org","@graph":[{"@type":"WebPage","@id":"https:\/\/www.rmch.es\/index.php\/objetivos\/","url":"https:\/\/www.rmch.es\/index.php\/objetivos\/","name":"Objetivos - Real Maestranza de Caballer\u00eda de La Habana","isPartOf":{"@id":"https:\/\/www.rmch.es\/#website"},"datePublished":"2020-01-19T15:47:24+00:00","dateModified":"2020-02-24T12:00:45+00:00","breadcrumb":{"@id":"https:\/\/www.rmch.es\/index.php\/objetivos\/#breadcrumb"},"inLanguage":"es","potentialAction":[{"@type":"ReadAction","target":["https:\/\/www.rmch.es\/index.php\/objetivos\/"]}]},{"@type":"BreadcrumbList","@id":"https:\/\/www.rmch.es\/index.php\/objetivos\/#breadcrumb","itemListElement":[{"@type":"ListItem","position":1,"name":"Portada","item":"https:\/\/www.rmch.es\/"},{"@type":"ListItem","position":2,"name":"Objetivos"}]},{"@type":"WebSite","@id":"https:\/\/www.rmch.es\/#website","url":"https:\/\/www.rmch.es\/","name":"Real Maestranza de Caballer\u00eda de La Habana","description":"Real Maestranza de Caballer\u00eda de La Habana,","publisher":{"@id":"https:\/\/www.rmch.es\/#organization"},"potentialAction":[{"@type":"SearchAction","target":{"@type":"EntryPoint","urlTemplate":"https:\/\/www.rmch.es\/?s={search_term_string}"},"query-input":{"@type":"PropertyValueSpecification","valueRequired":true,"valueName":"search_term_string"}}],"inLanguage":"es"},{"@type":"Organization","@id":"https:\/\/www.rmch.es\/#organization","name":"Real Maestranza de Caballer\u00eda de La Habana","url":"https:\/\/www.rmch.es\/","logo":{"@type":"ImageObject","inLanguage":"es","@id":"https:\/\/www.rmch.es\/#\/schema\/logo\/image\/","url":"https:\/\/www.rmch.es\/wp-content\/uploads\/2019\/11\/Emblem_of_the_Royal_Cavalry_Armory_of_Havana.svg_.png","contentUrl":"https:\/\/www.rmch.es\/wp-content\/uploads\/2019\/11\/Emblem_of_the_Royal_Cavalry_Armory_of_Havana.svg_.png","width":500,"height":629,"caption":"Real Maestranza de Caballer\u00eda de La Habana"},"image":{"@id":"https:\/\/www.rmch.es\/#\/schema\/logo\/image\/"}}]}},"_links":{"self":[{"href":"https:\/\/www.rmch.es\/index.php\/wp-json\/wp\/v2\/pages\/111","targetHints":{"allow":["GET"]}}],"collection":[{"href":"https:\/\/www.rmch.es\/index.php\/wp-json\/wp\/v2\/pages"}],"about":[{"href":"https:\/\/www.rmch.es\/index.php\/wp-json\/wp\/v2\/types\/page"}],"author":[{"embeddable":true,"href":"https:\/\/www.rmch.es\/index.php\/wp-json\/wp\/v2\/users\/1"}],"replies":[{"embeddable":true,"href":"https:\/\/www.rmch.es\/index.php\/wp-json\/wp\/v2\/comments?post=111"}],"version-history":[{"count":7,"href":"https:\/\/www.rmch.es\/index.php\/wp-json\/wp\/v2\/pages\/111\/revisions"}],"predecessor-version":[{"id":344,"href":"https:\/\/www.rmch.es\/index.php\/wp-json\/wp\/v2\/pages\/111\/revisions\/344"}],"wp:attachment":[{"href":"https:\/\/www.rmch.es\/index.php\/wp-json\/wp\/v2\/media?parent=111"}],"curies":[{"name":"wp","href":"https:\/\/api.w.org\/{rel}","templated":true}]}}