{"id":13749,"date":"2025-06-04T19:12:50","date_gmt":"2025-06-04T17:12:50","guid":{"rendered":"https:\/\/www.rmch.es\/?page_id=13749"},"modified":"2025-06-17T19:22:32","modified_gmt":"2025-06-17T17:22:32","slug":"capitulo-general-de-la-real-maestranza-de-caballeria-de-la-habana-en-marbella-2","status":"publish","type":"page","link":"https:\/\/www.rmch.es\/index.php\/capitulo-general-de-la-real-maestranza-de-caballeria-de-la-habana-en-marbella-2\/","title":{"rendered":"CAP\u00cdTULO GENERAL DE LA REAL MAESTRANZA DE CABALLER\u00cdA DE LA HABANA EN MARBELLA #2"},"content":{"rendered":"<p>[et_pb_section fb_built=&#8221;1&#8243; _builder_version=&#8221;4.27.4&#8243; _module_preset=&#8221;default&#8221; global_colors_info=&#8221;{}&#8221;][et_pb_row _builder_version=&#8221;4.27.4&#8243; _module_preset=&#8221;default&#8221; global_colors_info=&#8221;{}&#8221;][et_pb_column type=&#8221;4_4&#8243; _builder_version=&#8221;4.27.4&#8243; _module_preset=&#8221;default&#8221; global_colors_info=&#8221;{}&#8221;][et_pb_image src=&#8221;https:\/\/www.rmch.es\/wp-content\/uploads\/2024\/07\/RMCH.png&#8221; alt=&#8221;Escudo RMCH&#8221; title_text=&#8221;RMCH&#8221; align=&#8221;center&#8221; _builder_version=&#8221;4.27.4&#8243; _module_preset=&#8221;default&#8221; global_colors_info=&#8221;{}&#8221;][\/et_pb_image][\/et_pb_column][\/et_pb_row][\/et_pb_section][et_pb_section fb_built=&#8221;1&#8243; _builder_version=&#8221;4.27.4&#8243; _module_preset=&#8221;default&#8221; global_colors_info=&#8221;{}&#8221;][et_pb_row _builder_version=&#8221;4.27.4&#8243; _module_preset=&#8221;default&#8221; global_colors_info=&#8221;{}&#8221;][et_pb_column type=&#8221;4_4&#8243; _builder_version=&#8221;4.27.4&#8243; _module_preset=&#8221;default&#8221; global_colors_info=&#8221;{}&#8221;][et_pb_text _builder_version=&#8221;4.27.4&#8243; _module_preset=&#8221;default&#8221; text_text_color=&#8221;#000000&#8243; text_font_size=&#8221;26px&#8221; global_colors_info=&#8221;{}&#8221;]<\/p>\n<p style=\"text-align: center;\"><strong>CAP\u00cdTULO GENERAL DE LA <\/strong><strong>REAL MAESTRANZA DE CABALLER\u00cdA DE LA HABANA EN LA CIUDAD DE CAMPINAS, BRASIL<\/strong><\/p>\n<p>[\/et_pb_text][\/et_pb_column][\/et_pb_row][\/et_pb_section][et_pb_section fb_built=&#8221;1&#8243; _builder_version=&#8221;4.27.4&#8243; _module_preset=&#8221;default&#8221; global_colors_info=&#8221;{}&#8221;][et_pb_row _builder_version=&#8221;4.27.4&#8243; _module_preset=&#8221;default&#8221; global_colors_info=&#8221;{}&#8221;][et_pb_column type=&#8221;4_4&#8243; _builder_version=&#8221;4.27.4&#8243; _module_preset=&#8221;default&#8221; global_colors_info=&#8221;{}&#8221;][et_pb_text _builder_version=&#8221;4.27.4&#8243; _module_preset=&#8221;default&#8221; global_colors_info=&#8221;{}&#8221;]<\/p>\n<p>En la capilla de Nuestra Se\u00f1ora de la Concepci\u00f3n, del Royal Palm Plaza Resort de Campinas, se ha celebrado el pasado d\u00eda 15 de marzo, el Cap\u00edtulo y acto de investidura en esta ciudad de los nuevos Caballeros y Damas de la Real Maestranza de Caballer\u00eda de La Habana, presidido por S.E. D. Lu\u00eds de la Vega y de C\u00e1rdenas, Marqu\u00e9s de Almendares, de Bellavista y de Campo Florido, representado por su Secretario General, S.E. D. Manuel Mar\u00eda Rodr\u00edguez de Maribona y D\u00e1vila, Conde de Alba, y acompa\u00f1ado de nuestro Delegado en Brasil, el Ilmo. Sr. D. Caio C\u00e9sar Tourinho Marqu\u00e9s, Vizconde de Tourinho. \u00a0<\/p>\n<p>\u00a0Ejerci\u00f3 de Maestro de Ceremonias de la Corporaci\u00f3n, el Ilmo. Sr. D. Andr\u00e9 Moreira Tourinho Marqu\u00e9s, que se dirigi\u00f3 a todos los asistentes, solicitando al Sr. Conde de Alba que abriera el Cap\u00edtulo. Una vez iniciado, llam\u00f3 al reverendo padre D. Luiz Roberto de Andrade Souza, para que bendijese las medallas que se impondr\u00edan a los nuevos Caballeros y Damas.<\/p>\n<p>Una vez bendecidas, el Sr. Conde de Alba, en nombre del Teniente de Hermano Mayor, le impuso la medalla como nuevo Capell\u00e1n Honorario para Brasil.<\/p>\n<p>Tomando de nuevo la palabra el Sr. Maestro de Ceremonias, comenz\u00f3 a llamar a los nuevos Caballeros y Damas que realizar\u00edan su juramento de ingreso, rogando a S.E. el Sr. Conde de Alba, que en nombre de nuestro Teniente de Hermano Mayor, les impusiera las medallas corporativas, y que fueron los siguientes. Como Caballeros Maestrantes lo hicieron: el ILMO. SR. D. LUIZ ROBERTO PARANHOS DE MAGALH\u00c2ES, BAR\u00d3N DE PALMA, representado por su primo, el ILMO. SR. D. LU\u00cdS VAZ DE CAMPOS MOREIRA TOURINHO y apadrinado por el ILMO. SR. D. CAIO CESAR TOURINHO MARQU\u00c9S, VIZCONDE DE TOURINHO, Delegado en Brasil de la RMCH; y el ILMO SR. D. JO\u00c2O MOREIRA TOURINHO MARQU\u00c9S, apadrinado por su hermano, el ILMO. SR. D. ANDR\u00c9 VAZ DE CAMPOS MOREIRA.<\/p>\n<p>Como Caballeros de Hermandad, realizaron su juramento: el ILMO. SR. D. FLAVIO EDUARDO MENDON\u00c7A FERREIRA, apadrinado por el ILMO. SR. D. GEORGE ALESSANDRI II, Delegado de la R.M.C.H. en Chile; el ILMO. SR. D. VANDERLEI BORGES, apadrinado por el ILMO. SR. D. FLAVIO MENDON\u00c7A FERREIRA; el ILMO. SR. D. JOS\u00c9 MAR\u00cdA DE MORAIS REZENDE, apadrinado por el ILMO. SR. D. FLAVIO MENDON\u00c7A FERREIRA; el ILMO. SR. D. JO\u00c2O BATISTA MAGLIA, apadrinado por el ILMO. SR. D. FLAVIO MENDON\u00c7A FERREIRA; el ILMO. SR. D. JAVIER ARTURO GUAJARDO MANZANO, apadrinado por el ILMO. SR. D. GEORGE ALESSANDRI II; el ILMO. SR. D. JULIO C\u00c9SAR ROCA MERCADO, apadrinado por el ILMO. SR. D. GEORGE ALESSANDRI II; el ILMO. SR. D. \u00d3SCAR GADEA COIMBRA, apadrinado por el ILMO. SR. D. GEORGE ALESSANDRI II. Y como Dama Maestrante: la ILMA. SRA. DO\u00d1A MAR\u00cdA MOREIRA TOURINHO MARQU\u00c9S, amadrinada por la ILMA. SRA. DO\u00d1A MAR\u00cdA DE GRANADOS Y ASENSIO, MARQUESA DE TORRE HOYOS, y representada por el ILMO. SR. D. CAIO CESAR TOURINHO MARQU\u00c9S, VIZCONDE DE TOURINHO, Delegado en Brasil de la RMCH.<\/p>\n<p>A continuaci\u00f3n nuestro Capell\u00e1n Honorario para Brasil, el Padre D. Luiz Roberto de Andrada Souza, celebr\u00f3 la Santa Misa, y cuya emotiva homil\u00eda fue muy celebrada.<\/p>\n<p>Trasladados todos los asistentes a los salones privados del Royal Palm Plaza, el Sr. Secretario General, D. Manuel Rodr\u00edguez de Maribona y D\u00e1vila, Conde de Alba, ley\u00f3 unas entra\u00f1ables y sentidas palabras en nombre de S. E. el Sr. Marqu\u00e9s de Almendares, Teniente de Hermano Mayor de la RMCH. manifestando adem\u00e1s su pesar por no haber podido estar presente, como hubiera sido su deseo. Seguidamente, el Sr. Conde de Alba, en su nombre y en el de toda la Junta de Gobierno, se dirigi\u00f3 a los asistentes, en espa\u00f1ol y en portugu\u00e9s, para agradecerles su presencia, y muy especialmente a los nuevos Caballeros y Damas, en los actos que se estaban celebrando, para continuar con una breve semblanza sobre los or\u00edgenes y la historia de la Real Maestranza de Caballer\u00eda de La Habana, fundada en 1709, as\u00ed como de sus objetivos, proyectos y hoja de ruta.\u00a0<\/p>\n<p>A continuaci\u00f3n, y por cortes\u00eda del Ilmo. Sr. D. Flavio Mendon\u00e7a Ferreira y su familia, obsequiaron a todos los invitados con un c\u00f3ctel, seguido de una magn\u00edfica cena, amenizado por un grupo musical brasile\u00f1o, que se prolong\u00f3 hasta altas horas de la noche.<\/p>\n<p>[\/et_pb_text][\/et_pb_column][\/et_pb_row][\/et_pb_section][et_pb_section fb_built=&#8221;1&#8243; _builder_version=&#8221;4.27.4&#8243; _module_preset=&#8221;default&#8221; global_colors_info=&#8221;{}&#8221;][et_pb_row _builder_version=&#8221;4.27.4&#8243; _module_preset=&#8221;default&#8221; global_colors_info=&#8221;{}&#8221;][et_pb_column type=&#8221;4_4&#8243; _builder_version=&#8221;4.27.4&#8243; _module_preset=&#8221;default&#8221; global_colors_info=&#8221;{}&#8221;][et_pb_gallery gallery_ids=&#8221;13755,13756,13757,13758,13759,13760,13761,13762,13763,13764,13765,13766,13767,13768,13769,13770,13771,13772,13773,13774&#8243; show_title_and_caption=&#8221;off&#8221; _builder_version=&#8221;4.27.4&#8243; _module_preset=&#8221;default&#8221; global_colors_info=&#8221;{}&#8221;][\/et_pb_gallery][\/et_pb_column][\/et_pb_row][\/et_pb_section]<\/p>\n","protected":false},"excerpt":{"rendered":"<p>CAP\u00cdTULO GENERAL DE LA REAL MAESTRANZA DE CABALLER\u00cdA DE LA HABANA EN LA CIUDAD DE CAMPINAS, BRASILEn la capilla de Nuestra Se\u00f1ora de la Concepci\u00f3n, del Royal Palm Plaza Resort de Campinas, se ha celebrado el pasado d\u00eda 15 de marzo, el Cap\u00edtulo y acto de investidura en esta ciudad de los nuevos Caballeros y [&hellip;]<\/p>\n","protected":false},"author":27,"featured_media":0,"parent":0,"menu_order":0,"comment_status":"closed","ping_status":"closed","template":"","meta":{"_et_pb_use_builder":"on","_et_pb_old_content":"[et_pb_section fb_built=\"1\" _builder_version=\"4.27.4\" _module_preset=\"default\" global_colors_info=\"{}\"][et_pb_row _builder_version=\"4.27.4\" _module_preset=\"default\" global_colors_info=\"{}\"][et_pb_column type=\"4_4\" _builder_version=\"4.27.4\" _module_preset=\"default\" global_colors_info=\"{}\"][et_pb_image src=\"https:\/\/www.rmch.es\/wp-content\/uploads\/2024\/07\/RMCH.png\" alt=\"Escudo RMCH\" title_text=\"RMCH\" align=\"center\" _builder_version=\"4.27.4\" _module_preset=\"default\" global_colors_info=\"{}\"][\/et_pb_image][\/et_pb_column][\/et_pb_row][\/et_pb_section][et_pb_section fb_built=\"1\" theme_builder_area=\"post_content\" _builder_version=\"4.27.4\" _module_preset=\"default\"][et_pb_row _builder_version=\"4.27.4\" _module_preset=\"default\" theme_builder_area=\"post_content\" hover_enabled=\"0\" sticky_enabled=\"0\"][et_pb_column _builder_version=\"4.27.4\" _module_preset=\"default\" type=\"4_4\" theme_builder_area=\"post_content\"][et_pb_text _builder_version=\"4.27.4\" _module_preset=\"default\" theme_builder_area=\"post_content\" hover_enabled=\"0\" sticky_enabled=\"0\" text_text_color=\"#000000\" text_font_size=\"26px\"]<p style=\"text-align: center;\"><strong>CAP\u00cdTULO GENERAL DE LA <\/strong><strong>REAL MAESTRANZA DE CABALLER\u00cdA DE LA HABANA EN MARBELLA<\/strong><\/p>[\/et_pb_text][\/et_pb_column][\/et_pb_row][\/et_pb_section][et_pb_section fb_built=\"1\" theme_builder_area=\"post_content\" _builder_version=\"4.27.4\" _module_preset=\"default\"][et_pb_row _builder_version=\"4.27.4\" _module_preset=\"default\" theme_builder_area=\"post_content\"][et_pb_column _builder_version=\"4.27.4\" _module_preset=\"default\" type=\"4_4\" theme_builder_area=\"post_content\"][et_pb_text _builder_version=\"4.27.4\" _module_preset=\"default\" theme_builder_area=\"post_content\" hover_enabled=\"0\" sticky_enabled=\"0\"]<p style=\"text-align: justify;\">En la Iglesia de Nuestra Se\u00f1ora de la Encarnaci\u00f3n de Marbella, se celebr\u00f3 el pasado d\u00eda 23 de mayo, el acto de investidura de los nuevos caballeros y damas de la Real Maestranza de Caballer\u00eda de La Habana, bajo la presidencia de su Teniente de Hermano Mayor, S.E. D. Lu\u00eds de la Vega y de C\u00e1rdenas, Marqu\u00e9s de Almendares, de Bellavista y de Campo Florido, representado por el Secretario General de la misma, el Excmo. Sr. D. Manuel Rodr\u00edguez de Maribona y D\u00e1vila, Conde de Alba.<\/p>\n<p style=\"text-align: justify;\">La ceremonia comenz\u00f3 con la bendici\u00f3n de las medallas por parte del Capell\u00e1n de la Maestranza en Marbella, Jos\u00e9 Antonio S\u00e1nchez y Herrera, y a continuaci\u00f3n realizaron los juramentos de ingreso los nuevos caballeros maestrantes de hermandad: D. Rafael \u00c1ngel Manzano Mu\u00f1iz, apadrinado por D. Alberto Garc\u00eda de Lara; D. M\u00e1ximo Lima Roco, apadrinado por su padre, D. Jos\u00e9 Miguel Lima Alba; D. George Anthony Diamandopoulos, apadrinado por D. Santiago Garc\u00eda Galv\u00e1n; D. Eduardo Rodr\u00edguez Torres, apadrinado por D. Jos\u00e9 Mar\u00eda Amar Vela; \u00a0D. \u00d3scar David V\u00e1zquez V\u00e1zquez, apadrinado por\u00a0 D. Alfredo Garc\u00eda Til Aso; D. Borja Gonz\u00e1lez Soto, apadrinado por D. Eduardo Rodr\u00edguez Torres; D. Jos\u00e9 David Salas Guerrero, apadrinado por D. Jos\u00e9 Mar\u00eda Amar Vela; D. Jos\u00e9 Manuel Lara Palma, apadrinado por D. Jos\u00e9 Mar\u00eda Amar Vela.<\/p>\n<p style=\"text-align: justify;\">A continuaci\u00f3n tomo juramento como nueva dama maestrante de hermandad, la Sra. D\u00aa Cristina Falkenberg Ambrosio, amadrinada por D\u00aa Remedios Nieto y Palacios<\/p>\n<p style=\"text-align: justify;\">Seguidamente, todos los invitados se trasladaron a los jardines del Boho, donde tuvo lugar el c\u00f3ctel y la posterior cena de hermandad, en la que el Secretario General, don Manuel Rodr\u00edguez de Maribona y D\u00e1vila, ley\u00f3 unas emotivas palabras en nombre del Teniente de Hermano Mayor, pronunciando a continuaci\u00f3n un discurso en el que trat\u00f3 sobre la historia de la Maestranza de La Habana y su raz\u00f3n de ser, sus logros en estos \u00faltimos a\u00f1os de su refundaci\u00f3n, as\u00ed como de sus proyectos y objetivos de futuro.<\/p>\n<p style=\"text-align: justify;\">Tras el discurso los asistentes brindaron por S.M. el Rey, por Espa\u00f1a, y por Cuba.<\/p>[\/et_pb_text][\/et_pb_column][\/et_pb_row][\/et_pb_section][et_pb_section fb_built=\"1\" theme_builder_area=\"post_content\" _builder_version=\"4.27.4\" _module_preset=\"default\"][et_pb_row _builder_version=\"4.27.4\" _module_preset=\"default\" theme_builder_area=\"post_content\"][et_pb_column _builder_version=\"4.27.4\" _module_preset=\"default\" type=\"4_4\" theme_builder_area=\"post_content\"][et_pb_gallery _builder_version=\"4.27.4\" _module_preset=\"default\" theme_builder_area=\"post_content\" gallery_ids=\"13691,13692,13693,13694,13695,13696,13697,13698,13699,13700,13701,13702\" show_title_and_caption=\"off\" hover_enabled=\"0\" sticky_enabled=\"0\"][\/et_pb_gallery][\/et_pb_column][\/et_pb_row][\/et_pb_section]","_et_gb_content_width":"","content-type":"","footnotes":""},"class_list":["post-13749","page","type-page","status-publish","hentry"],"yoast_head":"<!-- This site is optimized with the Yoast SEO plugin v27.4 - https:\/\/yoast.com\/product\/yoast-seo-wordpress\/ -->\n<title>CAP\u00cdTULO GENERAL DE LA REAL MAESTRANZA DE CABALLER\u00cdA DE LA HABANA EN MARBELLA #2 - Real Maestranza de Caballer\u00eda de La Habana<\/title>\n<meta name=\"robots\" content=\"index, follow, max-snippet:-1, max-image-preview:large, max-video-preview:-1\" \/>\n<link rel=\"canonical\" href=\"https:\/\/www.rmch.es\/index.php\/capitulo-general-de-la-real-maestranza-de-caballeria-de-la-habana-en-marbella-2\/\" \/>\n<meta property=\"og:locale\" content=\"es_ES\" \/>\n<meta property=\"og:type\" content=\"article\" \/>\n<meta property=\"og:title\" content=\"CAP\u00cdTULO GENERAL DE LA REAL MAESTRANZA DE CABALLER\u00cdA DE LA HABANA EN MARBELLA #2 - Real Maestranza de Caballer\u00eda de La Habana\" \/>\n<meta property=\"og:description\" content=\"CAP\u00cdTULO GENERAL DE LA REAL MAESTRANZA DE CABALLER\u00cdA DE LA HABANA EN LA CIUDAD DE CAMPINAS, BRASILEn la capilla de Nuestra Se\u00f1ora de la Concepci\u00f3n, del Royal Palm Plaza Resort de Campinas, se ha celebrado el pasado d\u00eda 15 de marzo, el Cap\u00edtulo y acto de investidura en esta ciudad de los nuevos Caballeros y [&hellip;]\" \/>\n<meta property=\"og:url\" content=\"https:\/\/www.rmch.es\/index.php\/capitulo-general-de-la-real-maestranza-de-caballeria-de-la-habana-en-marbella-2\/\" \/>\n<meta property=\"og:site_name\" content=\"Real Maestranza de Caballer\u00eda de La Habana\" \/>\n<meta property=\"article:modified_time\" content=\"2025-06-17T17:22:32+00:00\" \/>\n<meta name=\"twitter:card\" content=\"summary_large_image\" \/>\n<meta name=\"twitter:label1\" content=\"Tiempo de lectura\" \/>\n\t<meta name=\"twitter:data1\" content=\"2 minutos\" \/>\n<script type=\"application\/ld+json\" class=\"yoast-schema-graph\">{\"@context\":\"https:\\\/\\\/schema.org\",\"@graph\":[{\"@type\":\"WebPage\",\"@id\":\"https:\\\/\\\/www.rmch.es\\\/index.php\\\/capitulo-general-de-la-real-maestranza-de-caballeria-de-la-habana-en-marbella-2\\\/\",\"url\":\"https:\\\/\\\/www.rmch.es\\\/index.php\\\/capitulo-general-de-la-real-maestranza-de-caballeria-de-la-habana-en-marbella-2\\\/\",\"name\":\"CAP\u00cdTULO GENERAL DE LA REAL MAESTRANZA DE CABALLER\u00cdA DE LA HABANA EN MARBELLA #2 - Real Maestranza de Caballer\u00eda de La Habana\",\"isPartOf\":{\"@id\":\"https:\\\/\\\/www.rmch.es\\\/#website\"},\"datePublished\":\"2025-06-04T17:12:50+00:00\",\"dateModified\":\"2025-06-17T17:22:32+00:00\",\"breadcrumb\":{\"@id\":\"https:\\\/\\\/www.rmch.es\\\/index.php\\\/capitulo-general-de-la-real-maestranza-de-caballeria-de-la-habana-en-marbella-2\\\/#breadcrumb\"},\"inLanguage\":\"es\",\"potentialAction\":[{\"@type\":\"ReadAction\",\"target\":[\"https:\\\/\\\/www.rmch.es\\\/index.php\\\/capitulo-general-de-la-real-maestranza-de-caballeria-de-la-habana-en-marbella-2\\\/\"]}]},{\"@type\":\"BreadcrumbList\",\"@id\":\"https:\\\/\\\/www.rmch.es\\\/index.php\\\/capitulo-general-de-la-real-maestranza-de-caballeria-de-la-habana-en-marbella-2\\\/#breadcrumb\",\"itemListElement\":[{\"@type\":\"ListItem\",\"position\":1,\"name\":\"Portada\",\"item\":\"https:\\\/\\\/www.rmch.es\\\/\"},{\"@type\":\"ListItem\",\"position\":2,\"name\":\"CAP\u00cdTULO GENERAL DE LA REAL MAESTRANZA DE CABALLER\u00cdA DE LA HABANA EN MARBELLA #2\"}]},{\"@type\":\"WebSite\",\"@id\":\"https:\\\/\\\/www.rmch.es\\\/#website\",\"url\":\"https:\\\/\\\/www.rmch.es\\\/\",\"name\":\"Real Maestranza de Caballer\u00eda de La Habana\",\"description\":\"Real Maestranza de Caballer\u00eda de La Habana,\",\"publisher\":{\"@id\":\"https:\\\/\\\/www.rmch.es\\\/#organization\"},\"potentialAction\":[{\"@type\":\"SearchAction\",\"target\":{\"@type\":\"EntryPoint\",\"urlTemplate\":\"https:\\\/\\\/www.rmch.es\\\/?s={search_term_string}\"},\"query-input\":{\"@type\":\"PropertyValueSpecification\",\"valueRequired\":true,\"valueName\":\"search_term_string\"}}],\"inLanguage\":\"es\"},{\"@type\":\"Organization\",\"@id\":\"https:\\\/\\\/www.rmch.es\\\/#organization\",\"name\":\"Real Maestranza de Caballer\u00eda de La Habana\",\"url\":\"https:\\\/\\\/www.rmch.es\\\/\",\"logo\":{\"@type\":\"ImageObject\",\"inLanguage\":\"es\",\"@id\":\"https:\\\/\\\/www.rmch.es\\\/#\\\/schema\\\/logo\\\/image\\\/\",\"url\":\"https:\\\/\\\/www.rmch.es\\\/wp-content\\\/uploads\\\/2019\\\/11\\\/Emblem_of_the_Royal_Cavalry_Armory_of_Havana.svg_.png\",\"contentUrl\":\"https:\\\/\\\/www.rmch.es\\\/wp-content\\\/uploads\\\/2019\\\/11\\\/Emblem_of_the_Royal_Cavalry_Armory_of_Havana.svg_.png\",\"width\":500,\"height\":629,\"caption\":\"Real Maestranza de Caballer\u00eda de La Habana\"},\"image\":{\"@id\":\"https:\\\/\\\/www.rmch.es\\\/#\\\/schema\\\/logo\\\/image\\\/\"}}]}<\/script>\n<!-- \/ Yoast SEO plugin. -->","yoast_head_json":{"title":"CAP\u00cdTULO GENERAL DE LA REAL MAESTRANZA DE CABALLER\u00cdA DE LA HABANA EN MARBELLA #2 - Real Maestranza de Caballer\u00eda de La Habana","robots":{"index":"index","follow":"follow","max-snippet":"max-snippet:-1","max-image-preview":"max-image-preview:large","max-video-preview":"max-video-preview:-1"},"canonical":"https:\/\/www.rmch.es\/index.php\/capitulo-general-de-la-real-maestranza-de-caballeria-de-la-habana-en-marbella-2\/","og_locale":"es_ES","og_type":"article","og_title":"CAP\u00cdTULO GENERAL DE LA REAL MAESTRANZA DE CABALLER\u00cdA DE LA HABANA EN MARBELLA #2 - Real Maestranza de Caballer\u00eda de La Habana","og_description":"CAP\u00cdTULO GENERAL DE LA REAL MAESTRANZA DE CABALLER\u00cdA DE LA HABANA EN LA CIUDAD DE CAMPINAS, BRASILEn la capilla de Nuestra Se\u00f1ora de la Concepci\u00f3n, del Royal Palm Plaza Resort de Campinas, se ha celebrado el pasado d\u00eda 15 de marzo, el Cap\u00edtulo y acto de investidura en esta ciudad de los nuevos Caballeros y [&hellip;]","og_url":"https:\/\/www.rmch.es\/index.php\/capitulo-general-de-la-real-maestranza-de-caballeria-de-la-habana-en-marbella-2\/","og_site_name":"Real Maestranza de Caballer\u00eda de La Habana","article_modified_time":"2025-06-17T17:22:32+00:00","twitter_card":"summary_large_image","twitter_misc":{"Tiempo de lectura":"2 minutos"},"schema":{"@context":"https:\/\/schema.org","@graph":[{"@type":"WebPage","@id":"https:\/\/www.rmch.es\/index.php\/capitulo-general-de-la-real-maestranza-de-caballeria-de-la-habana-en-marbella-2\/","url":"https:\/\/www.rmch.es\/index.php\/capitulo-general-de-la-real-maestranza-de-caballeria-de-la-habana-en-marbella-2\/","name":"CAP\u00cdTULO GENERAL DE LA REAL MAESTRANZA DE CABALLER\u00cdA DE LA HABANA EN MARBELLA #2 - Real Maestranza de Caballer\u00eda de La Habana","isPartOf":{"@id":"https:\/\/www.rmch.es\/#website"},"datePublished":"2025-06-04T17:12:50+00:00","dateModified":"2025-06-17T17:22:32+00:00","breadcrumb":{"@id":"https:\/\/www.rmch.es\/index.php\/capitulo-general-de-la-real-maestranza-de-caballeria-de-la-habana-en-marbella-2\/#breadcrumb"},"inLanguage":"es","potentialAction":[{"@type":"ReadAction","target":["https:\/\/www.rmch.es\/index.php\/capitulo-general-de-la-real-maestranza-de-caballeria-de-la-habana-en-marbella-2\/"]}]},{"@type":"BreadcrumbList","@id":"https:\/\/www.rmch.es\/index.php\/capitulo-general-de-la-real-maestranza-de-caballeria-de-la-habana-en-marbella-2\/#breadcrumb","itemListElement":[{"@type":"ListItem","position":1,"name":"Portada","item":"https:\/\/www.rmch.es\/"},{"@type":"ListItem","position":2,"name":"CAP\u00cdTULO GENERAL DE LA REAL MAESTRANZA DE CABALLER\u00cdA DE LA HABANA EN MARBELLA #2"}]},{"@type":"WebSite","@id":"https:\/\/www.rmch.es\/#website","url":"https:\/\/www.rmch.es\/","name":"Real Maestranza de Caballer\u00eda de La Habana","description":"Real Maestranza de Caballer\u00eda de La Habana,","publisher":{"@id":"https:\/\/www.rmch.es\/#organization"},"potentialAction":[{"@type":"SearchAction","target":{"@type":"EntryPoint","urlTemplate":"https:\/\/www.rmch.es\/?s={search_term_string}"},"query-input":{"@type":"PropertyValueSpecification","valueRequired":true,"valueName":"search_term_string"}}],"inLanguage":"es"},{"@type":"Organization","@id":"https:\/\/www.rmch.es\/#organization","name":"Real Maestranza de Caballer\u00eda de La Habana","url":"https:\/\/www.rmch.es\/","logo":{"@type":"ImageObject","inLanguage":"es","@id":"https:\/\/www.rmch.es\/#\/schema\/logo\/image\/","url":"https:\/\/www.rmch.es\/wp-content\/uploads\/2019\/11\/Emblem_of_the_Royal_Cavalry_Armory_of_Havana.svg_.png","contentUrl":"https:\/\/www.rmch.es\/wp-content\/uploads\/2019\/11\/Emblem_of_the_Royal_Cavalry_Armory_of_Havana.svg_.png","width":500,"height":629,"caption":"Real Maestranza de Caballer\u00eda de La Habana"},"image":{"@id":"https:\/\/www.rmch.es\/#\/schema\/logo\/image\/"}}]}},"_links":{"self":[{"href":"https:\/\/www.rmch.es\/index.php\/wp-json\/wp\/v2\/pages\/13749","targetHints":{"allow":["GET"]}}],"collection":[{"href":"https:\/\/www.rmch.es\/index.php\/wp-json\/wp\/v2\/pages"}],"about":[{"href":"https:\/\/www.rmch.es\/index.php\/wp-json\/wp\/v2\/types\/page"}],"author":[{"embeddable":true,"href":"https:\/\/www.rmch.es\/index.php\/wp-json\/wp\/v2\/users\/27"}],"replies":[{"embeddable":true,"href":"https:\/\/www.rmch.es\/index.php\/wp-json\/wp\/v2\/comments?post=13749"}],"version-history":[{"count":4,"href":"https:\/\/www.rmch.es\/index.php\/wp-json\/wp\/v2\/pages\/13749\/revisions"}],"predecessor-version":[{"id":13990,"href":"https:\/\/www.rmch.es\/index.php\/wp-json\/wp\/v2\/pages\/13749\/revisions\/13990"}],"wp:attachment":[{"href":"https:\/\/www.rmch.es\/index.php\/wp-json\/wp\/v2\/media?parent=13749"}],"curies":[{"name":"wp","href":"https:\/\/api.w.org\/{rel}","templated":true}]}}