{"id":198,"date":"2020-02-04T20:50:11","date_gmt":"2020-02-04T19:50:11","guid":{"rendered":"http:\/\/www.rmch.es\/?page_id=198"},"modified":"2020-02-27T20:16:48","modified_gmt":"2020-02-27T19:16:48","slug":"capitulo-general-en-miami-2019","status":"publish","type":"page","link":"https:\/\/www.rmch.es\/index.php\/capitulo-general-en-miami-2019\/","title":{"rendered":"CAP\u00cdTULO GENERAL EN MIAMI, 2019"},"content":{"rendered":"<p>[et_pb_section fb_built=&#8221;1&#8243; fullwidth=&#8221;on&#8221; _builder_version=&#8221;3.22&#8243; background_color=&#8221;#2ea3f2&#8243; use_background_color_gradient=&#8221;on&#8221; background_color_gradient_start=&#8221;#2ea3f2&#8243; background_color_gradient_end=&#8221;#2e6df4&#8243; background_color_gradient_direction=&#8221;330deg&#8221;][et_pb_fullwidth_header title=&#8221;CAP\u00cdTULO GENERAL&#8221; subhead=&#8221;CELEBRADO EN MIAMI, FLORIDA&#8221; _builder_version=&#8221;3.16&#8243; title_font=&#8221;||||||||&#8221; background_color=&#8221;rgba(255, 255, 255, 0)&#8221; button_one_text_size__hover_enabled=&#8221;off&#8221; button_two_text_size__hover_enabled=&#8221;off&#8221; button_one_text_color__hover_enabled=&#8221;off&#8221; button_two_text_color__hover_enabled=&#8221;off&#8221; button_one_border_width__hover_enabled=&#8221;off&#8221; button_two_border_width__hover_enabled=&#8221;off&#8221; button_one_border_color__hover_enabled=&#8221;off&#8221; button_two_border_color__hover_enabled=&#8221;off&#8221; button_one_border_radius__hover_enabled=&#8221;off&#8221; button_two_border_radius__hover_enabled=&#8221;off&#8221; button_one_letter_spacing__hover_enabled=&#8221;off&#8221; button_two_letter_spacing__hover_enabled=&#8221;off&#8221; button_one_bg_color__hover_enabled=&#8221;off&#8221; button_two_bg_color__hover_enabled=&#8221;off&#8221;][\/et_pb_fullwidth_header][\/et_pb_section][et_pb_section fb_built=&#8221;1&#8243; _builder_version=&#8221;3.22&#8243;][et_pb_row _builder_version=&#8221;3.25&#8243; background_size=&#8221;initial&#8221; background_position=&#8221;top_left&#8221; background_repeat=&#8221;repeat&#8221;][et_pb_column type=&#8221;4_4&#8243; _builder_version=&#8221;3.25&#8243; custom_padding=&#8221;|||&#8221; custom_padding__hover=&#8221;|||&#8221;][et_pb_text _builder_version=&#8221;3.27.4&#8243; background_size=&#8221;initial&#8221; background_position=&#8221;top_left&#8221; background_repeat=&#8221;repeat&#8221;]<\/p>\n<h2>CAP\u00cdTULO GENERAL DE LA MAESTRANZA DE CABALLER\u00cdA DE LA HABANA CELEBRADO EN MIAMI, FLORIDA<\/h2>\n<p>En la magn\u00edfica residencia de la Ilma. D. Lu\u00eds de la Vega y de C\u00e1rdenas, Marques de Almendares, se ha celebrado el pasado d\u00eda 21 de noviembre 2019, a ra\u00edz de la celebraci\u00f3n de los 500 a\u00f1os de la fundaci\u00f3n de La Habana, el primer acto de investidura en esta ciudad de los nuevos Caballeros y Damas de la Maestranza de Caballer\u00eda de La Habana, bajo la presidencia de su Secretario General, S.E. D. Manuel Mar\u00eda Rodr\u00edguez de Maribona y D\u00e1vila, conde de Alba, que lo hac\u00eda en nombre del Teniente de Hermano Mayor, S.E. D. Jos\u00e9 Gonzalo Ruiz de Bucesta y Mora, Marqu\u00e9s de Monasterio y Grande de Espa\u00f1a.<\/p>\n<p>[\/et_pb_text][\/et_pb_column][\/et_pb_row][et_pb_row column_structure=&#8221;1_2,1_2&#8243; _builder_version=&#8221;3.25&#8243; background_size=&#8221;initial&#8221; background_position=&#8221;top_left&#8221; background_repeat=&#8221;repeat&#8221;][et_pb_column type=&#8221;1_2&#8243; _builder_version=&#8221;3.25&#8243; custom_padding=&#8221;|||&#8221; custom_padding__hover=&#8221;|||&#8221;][et_pb_text _builder_version=&#8221;4.3.4&#8243; background_size=&#8221;initial&#8221; background_position=&#8221;top_left&#8221; background_repeat=&#8221;repeat&#8221; hover_enabled=&#8221;0&#8243;]<\/p>\n<h3>La Ceremonia<\/h3>\n<p>Comenz\u00f3 la ceremonia dando la bienvenida a todos los asistentes el Ilmo. Sr. D. Lu\u00eds de la Vega y de C\u00e1rdenas, primog\u00e9nito de la Marques de Almendares. A su vez hizo de Maestro de Ceremonias de este Cap\u00edtulo su hijo el Ilmo. Sr. D. Lu\u00eds de al Vega y Salazar.<\/p>\n<p>[\/et_pb_text][\/et_pb_column][et_pb_column type=&#8221;1_2&#8243; _builder_version=&#8221;3.25&#8243; custom_padding=&#8221;|||&#8221; custom_padding__hover=&#8221;|||&#8221;][et_pb_text _builder_version=&#8221;3.27.4&#8243; background_size=&#8221;initial&#8221; background_position=&#8221;top_left&#8221; background_repeat=&#8221;repeat&#8221;]<\/p>\n<h3>Secretario General de la Maestranza<\/h3>\n<p>A continuaci\u00f3n se dirigi\u00f3 a todos los asistentes el Secretario General de la Maestranza, S.E. D. Manuel Mar\u00eda Rodr\u00edguez de Maribona y D\u00e1vila, leyendo una carta del Teniente de Hermano Mayor de la Real Maestranza, el duque de Soma, lamentando no haberle sido posible asistir al Cap\u00edtulo que se celebraba en Miami, y delegando en su Secretario General la presidencia del mismo, al tiempo que felicitaba a los nuevos caballeros y dama que realizaban su juramento de ingreso en la Real Maestranza de La Habana. Acto seguido el Sr. Rodr\u00edguez de Maribona pronunci\u00f3 un breve discurso en base al libro de su<br \/>autor\u00eda \u201cLa Real Maestranza de Caballer\u00eda de La Habana. Historia y Objetivos\u201d, y en el que resume al trayectoria de esta corporaci\u00f3n fundada en 1709, definiendo cu\u00e1les son sus objetivos y su hoja de ruta a seguir.<\/p>\n<p>[\/et_pb_text][\/et_pb_column][\/et_pb_row][et_pb_row column_structure=&#8221;1_3,1_3,1_3&#8243; _builder_version=&#8221;3.25&#8243; background_size=&#8221;initial&#8221; background_position=&#8221;top_left&#8221; background_repeat=&#8221;repeat&#8221;][et_pb_column type=&#8221;1_3&#8243; _builder_version=&#8221;3.25&#8243; custom_padding=&#8221;|||&#8221; custom_padding__hover=&#8221;|||&#8221;][et_pb_text _builder_version=&#8221;3.27.4&#8243; background_size=&#8221;initial&#8221; background_position=&#8221;top_left&#8221; background_repeat=&#8221;repeat&#8221;]<\/p>\n<h4>El Juramento de Ingreso<\/h4>\n<p>Inmediatamente despu\u00e9s el Reverend\u00edsimo el Ilmo. Sr. D. Juan Lu\u00eds S\u00e1nchez y Hern\u00e1ndez de Gamboa, nombrado Capell\u00e1n de la Maestranza de la Delegaci\u00f3n de Miami, hizo una emotiva invocaci\u00f3n religiosa y bendijo las medallas de los nuevos Caballeros y Damas. Pasando a continuaci\u00f3n a realizar el juramento de ingreso del nuevo Caballero Maestrante, el Ilmo. Sr. D. Alberto de C\u00e1rdenas y Mendive, que fue apadrinado por el Ilmo. Sr. D. Lu\u00eds de la Vega y de C\u00e1rdenas.<\/p>\n<p>[\/et_pb_text][\/et_pb_column][et_pb_column type=&#8221;1_3&#8243; _builder_version=&#8221;3.25&#8243; custom_padding=&#8221;|||&#8221; custom_padding__hover=&#8221;|||&#8221;][et_pb_text _builder_version=&#8221;3.27.4&#8243; background_size=&#8221;initial&#8221; background_position=&#8221;top_left&#8221; background_repeat=&#8221;repeat&#8221;]<\/p>\n<h4>Nuevos Caballeros Maestrantes de Hermandad<\/h4>\n<p>Seguidamente hicieron su juramento los nuevos Caballeros Maestrantes de Hermandad, que fueron el Ilmo. Sr. D. Carlos Rom Goris, apadrinado por el Ilmo. Sr. D. Lu\u00eds de la Vega y Salazar; el Ilmo. Sr. D. Santiago Cordovez Nevarez, apadrinado por el Ilmo. Sr. D. Alfredo Guzm\u00e1n Fern\u00e1ndez, Caballero de la Orden de Malta y Delegado de la Real Maestranza en Ecuador; el<br \/>Ilmo. Sr. D. Manuel D\u00edaz \u00c1lvarez, Caballero de la Orden de Malta, apadrinado por el Ilmo. Sr. D. Lu\u00eds Mariano Santos Mart\u00ednez; el Ilmo. Sr. D. Xavier David Manrique Miranda, apadrinado por el Ilmo. Sr. D. Alfredo Guzm\u00e1n Fern\u00e1ndez. Por \u00faltimo realiz\u00f3 la ceremonia de Juramento como Dama Maestrante de Hermandad, la Ilma. Sra. D\u00aa. Mar\u00eda Cristina D\u00edaz Vega, Dama de la Orden de Malta, amadrinada por la Ilma. Sra. D\u00aa. Natalia de la Vega y Salazar.<\/p>\n<p>[\/et_pb_text][\/et_pb_column][et_pb_column type=&#8221;1_3&#8243; _builder_version=&#8221;3.25&#8243; custom_padding=&#8221;|||&#8221; custom_padding__hover=&#8221;|||&#8221;][et_pb_text _builder_version=&#8221;3.27.4&#8243; background_size=&#8221;initial&#8221; background_position=&#8221;top_left&#8221; background_repeat=&#8221;repeat&#8221;]<\/p>\n<h4>Maestrante de Honor<\/h4>\n<p>A continuaci\u00f3n el Ilmo. Sr. D. Lu\u00eds de la Vega y de C\u00e1rdenas, entreg\u00f3 sus credenciales como Maestrante de Honor al Ilmo. Sr. D. Ludovico Blanc Lante, bar\u00f3n de Blanc.<\/p>\n<p>Asistieron, entre otros, los marqueses del Pedroso, el marqu\u00e9s de Arcos y conde de Casa Bayona, el marqu\u00e9s de O\u00b4Reilly y de Justiz de Santa Ana, D\u00aa. Yvette Gonz\u00e1lez Becerra, se\u00f1ora de de la Vega, D\u00aa. Natalia Sturla Su\u00e1rez,<br \/>se\u00f1ora de de la Vega, D. Fernando Munilla Iglesias, D. Andr\u00e9s Mendoza Menocal, los se\u00f1ores de Otero, de Guzm\u00e1n, de Cordovez y de Santos.<\/p>\n<p>Una vez realizados los juramentos todos los invitados pudieron disfrutar de un recital de piano a cargo del reputado pianista D. Jos\u00e9 Ruiz Elcoro. A continuaci\u00f3n la familia de la Vega-C\u00e1rdenas obsequi\u00f3 a todos los invitados con unos esplendidos aperitivos seguidos de una cena.<\/p>\n<p>[\/et_pb_text][\/et_pb_column][\/et_pb_row][et_pb_row column_structure=&#8221;1_3,1_3,1_3&#8243; _builder_version=&#8221;4.2.1&#8243;][et_pb_column type=&#8221;1_3&#8243; _builder_version=&#8221;4.2.1&#8243;][et_pb_gallery gallery_ids=&#8221;210&#8243; _builder_version=&#8221;4.2.1&#8243;][\/et_pb_gallery][\/et_pb_column][et_pb_column type=&#8221;1_3&#8243; _builder_version=&#8221;4.2.1&#8243;][et_pb_gallery gallery_ids=&#8221;212&#8243; _builder_version=&#8221;4.2.1&#8243;][\/et_pb_gallery][\/et_pb_column][et_pb_column type=&#8221;1_3&#8243; _builder_version=&#8221;4.2.1&#8243;][et_pb_gallery gallery_ids=&#8221;213&#8243; _builder_version=&#8221;4.2.1&#8243;][\/et_pb_gallery][\/et_pb_column][\/et_pb_row][et_pb_row column_structure=&#8221;1_3,1_3,1_3&#8243; _builder_version=&#8221;4.2.1&#8243;][et_pb_column type=&#8221;1_3&#8243; _builder_version=&#8221;4.2.1&#8243;][et_pb_gallery gallery_ids=&#8221;214&#8243; _builder_version=&#8221;4.2.1&#8243;][\/et_pb_gallery][\/et_pb_column][et_pb_column type=&#8221;1_3&#8243; _builder_version=&#8221;4.2.1&#8243;][et_pb_gallery gallery_ids=&#8221;215&#8243; _builder_version=&#8221;4.2.1&#8243;][\/et_pb_gallery][\/et_pb_column][et_pb_column type=&#8221;1_3&#8243; _builder_version=&#8221;4.2.1&#8243;][et_pb_gallery gallery_ids=&#8221;216&#8243; _builder_version=&#8221;4.2.1&#8243;][\/et_pb_gallery][\/et_pb_column][\/et_pb_row][\/et_pb_section]<\/p>\n","protected":false},"excerpt":{"rendered":"<p>CAP\u00cdTULO GENERAL DE LA MAESTRANZA DE CABALLER\u00cdA DE LA HABANA CELEBRADO EN MIAMI, FLORIDA En la magn\u00edfica residencia de la Ilma. D. Lu\u00eds de la Vega y de C\u00e1rdenas, Marques de Almendares, se ha celebrado el pasado d\u00eda 21 de noviembre 2019, a ra\u00edz de la celebraci\u00f3n de los 500 a\u00f1os de la fundaci\u00f3n de [&hellip;]<\/p>\n","protected":false},"author":1,"featured_media":0,"parent":0,"menu_order":0,"comment_status":"closed","ping_status":"closed","template":"","meta":{"_et_pb_use_builder":"on","_et_pb_old_content":"","_et_gb_content_width":"","content-type":"","footnotes":""},"class_list":["post-198","page","type-page","status-publish","hentry"],"yoast_head":"<!-- This site is optimized with the Yoast SEO plugin v27.4 - https:\/\/yoast.com\/product\/yoast-seo-wordpress\/ -->\n<title>CAP\u00cdTULO GENERAL EN MIAMI, 2019 - Real Maestranza de Caballer\u00eda de La Habana<\/title>\n<meta name=\"robots\" content=\"index, follow, max-snippet:-1, max-image-preview:large, max-video-preview:-1\" \/>\n<link rel=\"canonical\" href=\"https:\/\/www.rmch.es\/index.php\/capitulo-general-en-miami-2019\/\" \/>\n<meta property=\"og:locale\" content=\"es_ES\" \/>\n<meta property=\"og:type\" content=\"article\" \/>\n<meta property=\"og:title\" content=\"CAP\u00cdTULO GENERAL EN MIAMI, 2019 - Real Maestranza de Caballer\u00eda de La Habana\" \/>\n<meta property=\"og:description\" content=\"CAP\u00cdTULO GENERAL DE LA MAESTRANZA DE CABALLER\u00cdA DE LA HABANA CELEBRADO EN MIAMI, FLORIDA En la magn\u00edfica residencia de la Ilma. D. Lu\u00eds de la Vega y de C\u00e1rdenas, Marques de Almendares, se ha celebrado el pasado d\u00eda 21 de noviembre 2019, a ra\u00edz de la celebraci\u00f3n de los 500 a\u00f1os de la fundaci\u00f3n de [&hellip;]\" \/>\n<meta property=\"og:url\" content=\"https:\/\/www.rmch.es\/index.php\/capitulo-general-en-miami-2019\/\" \/>\n<meta property=\"og:site_name\" content=\"Real Maestranza de Caballer\u00eda de La Habana\" \/>\n<meta property=\"article:modified_time\" content=\"2020-02-27T19:16:48+00:00\" \/>\n<meta name=\"twitter:card\" content=\"summary_large_image\" \/>\n<meta name=\"twitter:label1\" content=\"Tiempo de lectura\" \/>\n\t<meta name=\"twitter:data1\" content=\"7 minutos\" \/>\n<script type=\"application\/ld+json\" class=\"yoast-schema-graph\">{\"@context\":\"https:\\\/\\\/schema.org\",\"@graph\":[{\"@type\":\"WebPage\",\"@id\":\"https:\\\/\\\/www.rmch.es\\\/index.php\\\/capitulo-general-en-miami-2019\\\/\",\"url\":\"https:\\\/\\\/www.rmch.es\\\/index.php\\\/capitulo-general-en-miami-2019\\\/\",\"name\":\"CAP\u00cdTULO GENERAL EN MIAMI, 2019 - Real Maestranza de Caballer\u00eda de La Habana\",\"isPartOf\":{\"@id\":\"https:\\\/\\\/www.rmch.es\\\/#website\"},\"datePublished\":\"2020-02-04T19:50:11+00:00\",\"dateModified\":\"2020-02-27T19:16:48+00:00\",\"breadcrumb\":{\"@id\":\"https:\\\/\\\/www.rmch.es\\\/index.php\\\/capitulo-general-en-miami-2019\\\/#breadcrumb\"},\"inLanguage\":\"es\",\"potentialAction\":[{\"@type\":\"ReadAction\",\"target\":[\"https:\\\/\\\/www.rmch.es\\\/index.php\\\/capitulo-general-en-miami-2019\\\/\"]}]},{\"@type\":\"BreadcrumbList\",\"@id\":\"https:\\\/\\\/www.rmch.es\\\/index.php\\\/capitulo-general-en-miami-2019\\\/#breadcrumb\",\"itemListElement\":[{\"@type\":\"ListItem\",\"position\":1,\"name\":\"Portada\",\"item\":\"https:\\\/\\\/www.rmch.es\\\/\"},{\"@type\":\"ListItem\",\"position\":2,\"name\":\"CAP\u00cdTULO GENERAL EN MIAMI, 2019\"}]},{\"@type\":\"WebSite\",\"@id\":\"https:\\\/\\\/www.rmch.es\\\/#website\",\"url\":\"https:\\\/\\\/www.rmch.es\\\/\",\"name\":\"Real Maestranza de Caballer\u00eda de La Habana\",\"description\":\"Real Maestranza de Caballer\u00eda de La Habana,\",\"publisher\":{\"@id\":\"https:\\\/\\\/www.rmch.es\\\/#organization\"},\"potentialAction\":[{\"@type\":\"SearchAction\",\"target\":{\"@type\":\"EntryPoint\",\"urlTemplate\":\"https:\\\/\\\/www.rmch.es\\\/?s={search_term_string}\"},\"query-input\":{\"@type\":\"PropertyValueSpecification\",\"valueRequired\":true,\"valueName\":\"search_term_string\"}}],\"inLanguage\":\"es\"},{\"@type\":\"Organization\",\"@id\":\"https:\\\/\\\/www.rmch.es\\\/#organization\",\"name\":\"Real Maestranza de Caballer\u00eda de La Habana\",\"url\":\"https:\\\/\\\/www.rmch.es\\\/\",\"logo\":{\"@type\":\"ImageObject\",\"inLanguage\":\"es\",\"@id\":\"https:\\\/\\\/www.rmch.es\\\/#\\\/schema\\\/logo\\\/image\\\/\",\"url\":\"https:\\\/\\\/www.rmch.es\\\/wp-content\\\/uploads\\\/2019\\\/11\\\/Emblem_of_the_Royal_Cavalry_Armory_of_Havana.svg_.png\",\"contentUrl\":\"https:\\\/\\\/www.rmch.es\\\/wp-content\\\/uploads\\\/2019\\\/11\\\/Emblem_of_the_Royal_Cavalry_Armory_of_Havana.svg_.png\",\"width\":500,\"height\":629,\"caption\":\"Real Maestranza de Caballer\u00eda de La Habana\"},\"image\":{\"@id\":\"https:\\\/\\\/www.rmch.es\\\/#\\\/schema\\\/logo\\\/image\\\/\"}}]}<\/script>\n<!-- \/ Yoast SEO plugin. -->","yoast_head_json":{"title":"CAP\u00cdTULO GENERAL EN MIAMI, 2019 - Real Maestranza de Caballer\u00eda de La Habana","robots":{"index":"index","follow":"follow","max-snippet":"max-snippet:-1","max-image-preview":"max-image-preview:large","max-video-preview":"max-video-preview:-1"},"canonical":"https:\/\/www.rmch.es\/index.php\/capitulo-general-en-miami-2019\/","og_locale":"es_ES","og_type":"article","og_title":"CAP\u00cdTULO GENERAL EN MIAMI, 2019 - Real Maestranza de Caballer\u00eda de La Habana","og_description":"CAP\u00cdTULO GENERAL DE LA MAESTRANZA DE CABALLER\u00cdA DE LA HABANA CELEBRADO EN MIAMI, FLORIDA En la magn\u00edfica residencia de la Ilma. D. Lu\u00eds de la Vega y de C\u00e1rdenas, Marques de Almendares, se ha celebrado el pasado d\u00eda 21 de noviembre 2019, a ra\u00edz de la celebraci\u00f3n de los 500 a\u00f1os de la fundaci\u00f3n de [&hellip;]","og_url":"https:\/\/www.rmch.es\/index.php\/capitulo-general-en-miami-2019\/","og_site_name":"Real Maestranza de Caballer\u00eda de La Habana","article_modified_time":"2020-02-27T19:16:48+00:00","twitter_card":"summary_large_image","twitter_misc":{"Tiempo de lectura":"7 minutos"},"schema":{"@context":"https:\/\/schema.org","@graph":[{"@type":"WebPage","@id":"https:\/\/www.rmch.es\/index.php\/capitulo-general-en-miami-2019\/","url":"https:\/\/www.rmch.es\/index.php\/capitulo-general-en-miami-2019\/","name":"CAP\u00cdTULO GENERAL EN MIAMI, 2019 - Real Maestranza de Caballer\u00eda de La Habana","isPartOf":{"@id":"https:\/\/www.rmch.es\/#website"},"datePublished":"2020-02-04T19:50:11+00:00","dateModified":"2020-02-27T19:16:48+00:00","breadcrumb":{"@id":"https:\/\/www.rmch.es\/index.php\/capitulo-general-en-miami-2019\/#breadcrumb"},"inLanguage":"es","potentialAction":[{"@type":"ReadAction","target":["https:\/\/www.rmch.es\/index.php\/capitulo-general-en-miami-2019\/"]}]},{"@type":"BreadcrumbList","@id":"https:\/\/www.rmch.es\/index.php\/capitulo-general-en-miami-2019\/#breadcrumb","itemListElement":[{"@type":"ListItem","position":1,"name":"Portada","item":"https:\/\/www.rmch.es\/"},{"@type":"ListItem","position":2,"name":"CAP\u00cdTULO GENERAL EN MIAMI, 2019"}]},{"@type":"WebSite","@id":"https:\/\/www.rmch.es\/#website","url":"https:\/\/www.rmch.es\/","name":"Real Maestranza de Caballer\u00eda de La Habana","description":"Real Maestranza de Caballer\u00eda de La Habana,","publisher":{"@id":"https:\/\/www.rmch.es\/#organization"},"potentialAction":[{"@type":"SearchAction","target":{"@type":"EntryPoint","urlTemplate":"https:\/\/www.rmch.es\/?s={search_term_string}"},"query-input":{"@type":"PropertyValueSpecification","valueRequired":true,"valueName":"search_term_string"}}],"inLanguage":"es"},{"@type":"Organization","@id":"https:\/\/www.rmch.es\/#organization","name":"Real Maestranza de Caballer\u00eda de La Habana","url":"https:\/\/www.rmch.es\/","logo":{"@type":"ImageObject","inLanguage":"es","@id":"https:\/\/www.rmch.es\/#\/schema\/logo\/image\/","url":"https:\/\/www.rmch.es\/wp-content\/uploads\/2019\/11\/Emblem_of_the_Royal_Cavalry_Armory_of_Havana.svg_.png","contentUrl":"https:\/\/www.rmch.es\/wp-content\/uploads\/2019\/11\/Emblem_of_the_Royal_Cavalry_Armory_of_Havana.svg_.png","width":500,"height":629,"caption":"Real Maestranza de Caballer\u00eda de La Habana"},"image":{"@id":"https:\/\/www.rmch.es\/#\/schema\/logo\/image\/"}}]}},"_links":{"self":[{"href":"https:\/\/www.rmch.es\/index.php\/wp-json\/wp\/v2\/pages\/198","targetHints":{"allow":["GET"]}}],"collection":[{"href":"https:\/\/www.rmch.es\/index.php\/wp-json\/wp\/v2\/pages"}],"about":[{"href":"https:\/\/www.rmch.es\/index.php\/wp-json\/wp\/v2\/types\/page"}],"author":[{"embeddable":true,"href":"https:\/\/www.rmch.es\/index.php\/wp-json\/wp\/v2\/users\/1"}],"replies":[{"embeddable":true,"href":"https:\/\/www.rmch.es\/index.php\/wp-json\/wp\/v2\/comments?post=198"}],"version-history":[{"count":10,"href":"https:\/\/www.rmch.es\/index.php\/wp-json\/wp\/v2\/pages\/198\/revisions"}],"predecessor-version":[{"id":384,"href":"https:\/\/www.rmch.es\/index.php\/wp-json\/wp\/v2\/pages\/198\/revisions\/384"}],"wp:attachment":[{"href":"https:\/\/www.rmch.es\/index.php\/wp-json\/wp\/v2\/media?parent=198"}],"curies":[{"name":"wp","href":"https:\/\/api.w.org\/{rel}","templated":true}]}}