{"id":306,"date":"2020-02-21T18:02:09","date_gmt":"2020-02-21T17:02:09","guid":{"rendered":"http:\/\/www.rmch.es\/?page_id=306"},"modified":"2024-03-12T00:43:59","modified_gmt":"2024-03-11T23:43:59","slug":"306-2","status":"publish","type":"page","link":"https:\/\/www.rmch.es\/index.php\/306-2\/","title":{"rendered":"ASISTENCIA A LA RECEPCI\u00d3N DE LA FIESTA NACIONAL DE KUWAIT"},"content":{"rendered":"\n[et_pb_section fb_built=&#8221;1&#8243; fullwidth=&#8221;on&#8221; _builder_version=&#8221;4.16&#8243; background_color=&#8221;#2ea3f2&#8243; use_background_color_gradient=&#8221;on&#8221; background_color_gradient_direction=&#8221;330deg&#8221; background_color_gradient_stops=&#8221;#2ea3f2 0%|#2e6df4 100%&#8221; background_color_gradient_start=&#8221;#2ea3f2&#8243; background_color_gradient_end=&#8221;#2e6df4&#8243; global_colors_info=&#8221;{}&#8221;][et_pb_fullwidth_header title=&#8221;Fiesta Nacional de Kuwait&#8221; subhead=&#8221;ASISTENCIA DE VARIOS CABALLEROS Y DAMAS DE LA REAL MAESTRANZA DE CABALLER\u00cdA DE LA HABANA A LA RECEPCI\u00d3N CON MOTIVO DE LA FIESTA NACIONAL DE KUWAIT&#8221; _builder_version=&#8221;4.16&#8243; title_font=&#8221;||||||||&#8221; background_color=&#8221;rgba(255, 255, 255, 0)&#8221; global_colors_info=&#8221;{}&#8221; button_one_text_size__hover_enabled=&#8221;off&#8221; button_two_text_size__hover_enabled=&#8221;off&#8221; button_one_text_color__hover_enabled=&#8221;off&#8221; button_two_text_color__hover_enabled=&#8221;off&#8221; button_one_border_width__hover_enabled=&#8221;off&#8221; button_two_border_width__hover_enabled=&#8221;off&#8221; button_one_border_color__hover_enabled=&#8221;off&#8221; button_two_border_color__hover_enabled=&#8221;off&#8221; button_one_border_radius__hover_enabled=&#8221;off&#8221; button_two_border_radius__hover_enabled=&#8221;off&#8221; button_one_letter_spacing__hover_enabled=&#8221;off&#8221; button_two_letter_spacing__hover_enabled=&#8221;off&#8221; button_one_bg_color__hover_enabled=&#8221;off&#8221; button_two_bg_color__hover_enabled=&#8221;off&#8221;][\/et_pb_fullwidth_header][\/et_pb_section][et_pb_section fb_built=&#8221;1&#8243; _builder_version=&#8221;4.16&#8243; global_colors_info=&#8221;{}&#8221;][et_pb_row _builder_version=&#8221;4.16&#8243; background_size=&#8221;initial&#8221; background_position=&#8221;top_left&#8221; background_repeat=&#8221;repeat&#8221; global_colors_info=&#8221;{}&#8221;][et_pb_column type=&#8221;4_4&#8243; _builder_version=&#8221;4.16&#8243; custom_padding=&#8221;|||&#8221; global_colors_info=&#8221;{}&#8221; custom_padding__hover=&#8221;|||&#8221;][et_pb_text _builder_version=&#8221;4.16&#8243; background_size=&#8221;initial&#8221; background_position=&#8221;top_left&#8221; background_repeat=&#8221;repeat&#8221; global_colors_info=&#8221;{}&#8221;]<h2>Embajador del Estado de Kuwait en Espa\u00f1a<\/h2>\n<p>El Embajador del Estado de Kuwait en Espa\u00f1a, el Excmo. Sr. D. Ayadah Alsaidi, con motivo de la Celebraci\u00f3n de la Fiesta Nacional ha organizado una recepci\u00f3n\u00a0 el pasado martes 18 de febrero, en Zalaca\u00edn La Finca, a la cual han asistido varios caballeros y damas de la Real Maestranza de Caballer\u00eda de La Habana, as\u00ed como al c\u00f3ctel y almuerzo que se sirvi\u00f3 a continuaci\u00f3n.<\/p>\n<p>&nbsp;<\/p>[\/et_pb_text][\/et_pb_column][\/et_pb_row][et_pb_row column_structure=&#8221;1_2,1_2&#8243; _builder_version=&#8221;4.16&#8243; background_size=&#8221;initial&#8221; background_position=&#8221;top_left&#8221; background_repeat=&#8221;repeat&#8221; global_colors_info=&#8221;{}&#8221;][et_pb_column type=&#8221;1_2&#8243; _builder_version=&#8221;4.16&#8243; custom_padding=&#8221;|||&#8221; global_colors_info=&#8221;{}&#8221; custom_padding__hover=&#8221;|||&#8221;][et_pb_text _builder_version=&#8221;4.16&#8243; background_size=&#8221;initial&#8221; background_position=&#8221;top_left&#8221; background_repeat=&#8221;repeat&#8221; global_colors_info=&#8221;{}&#8221;]<h3>Real Gremio de Halconeros<\/h3>\n<p>El Real Gremio de Halconeros, presidido por D. Antonio de Castro y Garc\u00eda de Tejada, asisti\u00f3 con una representaci\u00f3n de halcones, especialmente gerifaltes blancos, y entregaron unos obsequios al Embajador de Kuwait.<\/p>[\/et_pb_text][\/et_pb_column][et_pb_column type=&#8221;1_2&#8243; _builder_version=&#8221;4.16&#8243; custom_padding=&#8221;|||&#8221; global_colors_info=&#8221;{}&#8221; custom_padding__hover=&#8221;|||&#8221;][et_pb_text _builder_version=&#8221;4.16&#8243; background_size=&#8221;initial&#8221; background_position=&#8221;top_left&#8221; background_repeat=&#8221;repeat&#8221; global_colors_info=&#8221;{}&#8221;]<h3>Asistentes<\/h3>\n<p>Entre los asistentes se encontraban su Secretario General, don Manuel Rodr\u00edguez de Maribona y D\u00e1vila, Conde de Alba, su Vicesecretario D. Alfredo Leonar y Lamu\u00f1o de Cuetos, do\u00f1a Masoumeh Abdi Jaziren, do\u00f1a Nasrin Zhiyan Abdi y don Behroz Nanevazadeh.<\/p>[\/et_pb_text][\/et_pb_column][\/et_pb_row][et_pb_row column_structure=&#8221;1_4,1_4,1_4,1_4&#8243; _builder_version=&#8221;4.16&#8243; global_colors_info=&#8221;{}&#8221;][et_pb_column type=&#8221;1_4&#8243; _builder_version=&#8221;4.16&#8243; global_colors_info=&#8221;{}&#8221;][et_pb_image src=&#8221;https:\/\/www.rmch.es\/wp-content\/uploads\/2020\/02\/WhatsApp-Image-2020-02-18-at-15.03.45.jpeg&#8221; _builder_version=&#8221;4.16&#8243; global_colors_info=&#8221;{}&#8221;][\/et_pb_image][\/et_pb_column][et_pb_column type=&#8221;1_4&#8243; _builder_version=&#8221;4.16&#8243; global_colors_info=&#8221;{}&#8221;][et_pb_image src=&#8221;https:\/\/www.rmch.es\/wp-content\/uploads\/2020\/02\/WhatsApp-Image-2020-02-18-at-15.07.28.jpeg&#8221; _builder_version=&#8221;4.16&#8243; global_colors_info=&#8221;{}&#8221;][\/et_pb_image][\/et_pb_column][et_pb_column type=&#8221;1_4&#8243; _builder_version=&#8221;4.16&#8243; global_colors_info=&#8221;{}&#8221;][et_pb_image src=&#8221;https:\/\/www.rmch.es\/wp-content\/uploads\/2020\/02\/WhatsApp-Image-2020-02-18-at-15.03.16.jpeg&#8221; _builder_version=&#8221;4.16&#8243; global_colors_info=&#8221;{}&#8221;][\/et_pb_image][\/et_pb_column][et_pb_column type=&#8221;1_4&#8243; _builder_version=&#8221;4.16&#8243; global_colors_info=&#8221;{}&#8221;][et_pb_image src=&#8221;https:\/\/www.rmch.es\/wp-content\/uploads\/2020\/02\/WhatsApp-Image-2020-02-18-at-15.32.19.jpeg&#8221; _builder_version=&#8221;4.16&#8243; global_colors_info=&#8221;{}&#8221;][\/et_pb_image][\/et_pb_column][\/et_pb_row][et_pb_row column_structure=&#8221;1_2,1_2&#8243; _builder_version=&#8221;4.16&#8243; global_colors_info=&#8221;{}&#8221;][et_pb_column type=&#8221;1_2&#8243; _builder_version=&#8221;4.16&#8243; global_colors_info=&#8221;{}&#8221;][et_pb_image src=&#8221;https:\/\/www.rmch.es\/wp-content\/uploads\/2020\/02\/WhatsApp-Image-2020-02-18-at-15.31.45.jpeg&#8221; _builder_version=&#8221;4.16&#8243; global_colors_info=&#8221;{}&#8221;][\/et_pb_image][\/et_pb_column][et_pb_column type=&#8221;1_2&#8243; _builder_version=&#8221;4.16&#8243; global_colors_info=&#8221;{}&#8221;][wpforms_selector form_id=&#8221;438&#8243; _builder_version=&#8221;4.17.4&#8243; _module_preset=&#8221;default&#8221; global_colors_info=&#8221;{}&#8221;][\/wpforms_selector][\/et_pb_column][\/et_pb_row][\/et_pb_section]\n","protected":false},"excerpt":{"rendered":"<p>Embajador del Estado de Kuwait en Espa\u00f1a El Embajador del Estado de Kuwait en Espa\u00f1a, el Excmo. Sr. D. Ayadah Alsaidi, con motivo de la Celebraci\u00f3n de la Fiesta Nacional ha organizado una recepci\u00f3n\u00a0 el pasado martes 18 de febrero, en Zalaca\u00edn La Finca, a la cual han asistido varios caballeros y damas de la [&hellip;]<\/p>\n","protected":false},"author":1,"featured_media":0,"parent":0,"menu_order":0,"comment_status":"closed","ping_status":"closed","template":"","meta":{"_et_pb_use_builder":"on","_et_pb_old_content":"","_et_gb_content_width":"","content-type":"","footnotes":""},"class_list":["post-306","page","type-page","status-publish","hentry"],"yoast_head":"<!-- This site is optimized with the Yoast SEO plugin v27.3 - https:\/\/yoast.com\/product\/yoast-seo-wordpress\/ -->\n<title>ASISTENCIA A LA RECEPCI\u00d3N DE LA FIESTA NACIONAL DE KUWAIT - Real Maestranza de Caballer\u00eda de La Habana<\/title>\n<meta name=\"description\" content=\"REAL MAESTRANZA DE CABALLER\u00cdA DE LA HABANA; RMCH; FIESTA NACIONAL DE KUWAIT; ASISTENCIA A LA RECEPCI\u00d3N DE LA FIESTA NACIONAL DE KUWAIT\" \/>\n<meta name=\"robots\" content=\"index, follow, max-snippet:-1, max-image-preview:large, max-video-preview:-1\" \/>\n<link rel=\"canonical\" href=\"https:\/\/www.rmch.es\/index.php\/306-2\/\" \/>\n<meta property=\"og:locale\" content=\"es_ES\" \/>\n<meta property=\"og:type\" content=\"article\" \/>\n<meta property=\"og:title\" content=\"ASISTENCIA A LA RECEPCI\u00d3N DE LA FIESTA NACIONAL DE KUWAIT - Real Maestranza de Caballer\u00eda de La Habana\" \/>\n<meta property=\"og:description\" content=\"REAL MAESTRANZA DE CABALLER\u00cdA DE LA HABANA; RMCH; FIESTA NACIONAL DE KUWAIT; ASISTENCIA A LA RECEPCI\u00d3N DE LA FIESTA NACIONAL DE KUWAIT\" \/>\n<meta property=\"og:url\" content=\"https:\/\/www.rmch.es\/index.php\/306-2\/\" \/>\n<meta property=\"og:site_name\" content=\"Real Maestranza de Caballer\u00eda de La Habana\" \/>\n<meta property=\"article:modified_time\" content=\"2024-03-11T23:43:59+00:00\" \/>\n<meta name=\"twitter:card\" content=\"summary_large_image\" \/>\n<meta name=\"twitter:label1\" content=\"Tiempo de lectura\" \/>\n\t<meta name=\"twitter:data1\" content=\"2 minutos\" \/>\n<script type=\"application\/ld+json\" class=\"yoast-schema-graph\">{\"@context\":\"https:\\\/\\\/schema.org\",\"@graph\":[{\"@type\":\"WebPage\",\"@id\":\"https:\\\/\\\/www.rmch.es\\\/index.php\\\/306-2\\\/\",\"url\":\"https:\\\/\\\/www.rmch.es\\\/index.php\\\/306-2\\\/\",\"name\":\"ASISTENCIA A LA RECEPCI\u00d3N DE LA FIESTA NACIONAL DE KUWAIT - Real Maestranza de Caballer\u00eda de La Habana\",\"isPartOf\":{\"@id\":\"https:\\\/\\\/www.rmch.es\\\/#website\"},\"datePublished\":\"2020-02-21T17:02:09+00:00\",\"dateModified\":\"2024-03-11T23:43:59+00:00\",\"description\":\"REAL MAESTRANZA DE CABALLER\u00cdA DE LA HABANA; RMCH; FIESTA NACIONAL DE KUWAIT; ASISTENCIA A LA RECEPCI\u00d3N DE LA FIESTA NACIONAL DE KUWAIT\",\"breadcrumb\":{\"@id\":\"https:\\\/\\\/www.rmch.es\\\/index.php\\\/306-2\\\/#breadcrumb\"},\"inLanguage\":\"es\",\"potentialAction\":[{\"@type\":\"ReadAction\",\"target\":[\"https:\\\/\\\/www.rmch.es\\\/index.php\\\/306-2\\\/\"]}]},{\"@type\":\"BreadcrumbList\",\"@id\":\"https:\\\/\\\/www.rmch.es\\\/index.php\\\/306-2\\\/#breadcrumb\",\"itemListElement\":[{\"@type\":\"ListItem\",\"position\":1,\"name\":\"Portada\",\"item\":\"https:\\\/\\\/www.rmch.es\\\/\"},{\"@type\":\"ListItem\",\"position\":2,\"name\":\"ASISTENCIA A LA RECEPCI\u00d3N DE LA FIESTA NACIONAL DE KUWAIT\"}]},{\"@type\":\"WebSite\",\"@id\":\"https:\\\/\\\/www.rmch.es\\\/#website\",\"url\":\"https:\\\/\\\/www.rmch.es\\\/\",\"name\":\"Real Maestranza de Caballer\u00eda de La Habana\",\"description\":\"Real Maestranza de Caballer\u00eda de La Habana,\",\"publisher\":{\"@id\":\"https:\\\/\\\/www.rmch.es\\\/#organization\"},\"potentialAction\":[{\"@type\":\"SearchAction\",\"target\":{\"@type\":\"EntryPoint\",\"urlTemplate\":\"https:\\\/\\\/www.rmch.es\\\/?s={search_term_string}\"},\"query-input\":{\"@type\":\"PropertyValueSpecification\",\"valueRequired\":true,\"valueName\":\"search_term_string\"}}],\"inLanguage\":\"es\"},{\"@type\":\"Organization\",\"@id\":\"https:\\\/\\\/www.rmch.es\\\/#organization\",\"name\":\"Real Maestranza de Caballer\u00eda de La Habana\",\"url\":\"https:\\\/\\\/www.rmch.es\\\/\",\"logo\":{\"@type\":\"ImageObject\",\"inLanguage\":\"es\",\"@id\":\"https:\\\/\\\/www.rmch.es\\\/#\\\/schema\\\/logo\\\/image\\\/\",\"url\":\"https:\\\/\\\/www.rmch.es\\\/wp-content\\\/uploads\\\/2019\\\/11\\\/Emblem_of_the_Royal_Cavalry_Armory_of_Havana.svg_.png\",\"contentUrl\":\"https:\\\/\\\/www.rmch.es\\\/wp-content\\\/uploads\\\/2019\\\/11\\\/Emblem_of_the_Royal_Cavalry_Armory_of_Havana.svg_.png\",\"width\":500,\"height\":629,\"caption\":\"Real Maestranza de Caballer\u00eda de La Habana\"},\"image\":{\"@id\":\"https:\\\/\\\/www.rmch.es\\\/#\\\/schema\\\/logo\\\/image\\\/\"}}]}<\/script>\n<!-- \/ Yoast SEO plugin. -->","yoast_head_json":{"title":"ASISTENCIA A LA RECEPCI\u00d3N DE LA FIESTA NACIONAL DE KUWAIT - Real Maestranza de Caballer\u00eda de La Habana","description":"REAL MAESTRANZA DE CABALLER\u00cdA DE LA HABANA; RMCH; FIESTA NACIONAL DE KUWAIT; ASISTENCIA A LA RECEPCI\u00d3N DE LA FIESTA NACIONAL DE KUWAIT","robots":{"index":"index","follow":"follow","max-snippet":"max-snippet:-1","max-image-preview":"max-image-preview:large","max-video-preview":"max-video-preview:-1"},"canonical":"https:\/\/www.rmch.es\/index.php\/306-2\/","og_locale":"es_ES","og_type":"article","og_title":"ASISTENCIA A LA RECEPCI\u00d3N DE LA FIESTA NACIONAL DE KUWAIT - Real Maestranza de Caballer\u00eda de La Habana","og_description":"REAL MAESTRANZA DE CABALLER\u00cdA DE LA HABANA; RMCH; FIESTA NACIONAL DE KUWAIT; ASISTENCIA A LA RECEPCI\u00d3N DE LA FIESTA NACIONAL DE KUWAIT","og_url":"https:\/\/www.rmch.es\/index.php\/306-2\/","og_site_name":"Real Maestranza de Caballer\u00eda de La Habana","article_modified_time":"2024-03-11T23:43:59+00:00","twitter_card":"summary_large_image","twitter_misc":{"Tiempo de lectura":"2 minutos"},"schema":{"@context":"https:\/\/schema.org","@graph":[{"@type":"WebPage","@id":"https:\/\/www.rmch.es\/index.php\/306-2\/","url":"https:\/\/www.rmch.es\/index.php\/306-2\/","name":"ASISTENCIA A LA RECEPCI\u00d3N DE LA FIESTA NACIONAL DE KUWAIT - Real Maestranza de Caballer\u00eda de La Habana","isPartOf":{"@id":"https:\/\/www.rmch.es\/#website"},"datePublished":"2020-02-21T17:02:09+00:00","dateModified":"2024-03-11T23:43:59+00:00","description":"REAL MAESTRANZA DE CABALLER\u00cdA DE LA HABANA; RMCH; FIESTA NACIONAL DE KUWAIT; ASISTENCIA A LA RECEPCI\u00d3N DE LA FIESTA NACIONAL DE KUWAIT","breadcrumb":{"@id":"https:\/\/www.rmch.es\/index.php\/306-2\/#breadcrumb"},"inLanguage":"es","potentialAction":[{"@type":"ReadAction","target":["https:\/\/www.rmch.es\/index.php\/306-2\/"]}]},{"@type":"BreadcrumbList","@id":"https:\/\/www.rmch.es\/index.php\/306-2\/#breadcrumb","itemListElement":[{"@type":"ListItem","position":1,"name":"Portada","item":"https:\/\/www.rmch.es\/"},{"@type":"ListItem","position":2,"name":"ASISTENCIA A LA RECEPCI\u00d3N DE LA FIESTA NACIONAL DE KUWAIT"}]},{"@type":"WebSite","@id":"https:\/\/www.rmch.es\/#website","url":"https:\/\/www.rmch.es\/","name":"Real Maestranza de Caballer\u00eda de La Habana","description":"Real Maestranza de Caballer\u00eda de La Habana,","publisher":{"@id":"https:\/\/www.rmch.es\/#organization"},"potentialAction":[{"@type":"SearchAction","target":{"@type":"EntryPoint","urlTemplate":"https:\/\/www.rmch.es\/?s={search_term_string}"},"query-input":{"@type":"PropertyValueSpecification","valueRequired":true,"valueName":"search_term_string"}}],"inLanguage":"es"},{"@type":"Organization","@id":"https:\/\/www.rmch.es\/#organization","name":"Real Maestranza de Caballer\u00eda de La Habana","url":"https:\/\/www.rmch.es\/","logo":{"@type":"ImageObject","inLanguage":"es","@id":"https:\/\/www.rmch.es\/#\/schema\/logo\/image\/","url":"https:\/\/www.rmch.es\/wp-content\/uploads\/2019\/11\/Emblem_of_the_Royal_Cavalry_Armory_of_Havana.svg_.png","contentUrl":"https:\/\/www.rmch.es\/wp-content\/uploads\/2019\/11\/Emblem_of_the_Royal_Cavalry_Armory_of_Havana.svg_.png","width":500,"height":629,"caption":"Real Maestranza de Caballer\u00eda de La Habana"},"image":{"@id":"https:\/\/www.rmch.es\/#\/schema\/logo\/image\/"}}]}},"_links":{"self":[{"href":"https:\/\/www.rmch.es\/index.php\/wp-json\/wp\/v2\/pages\/306","targetHints":{"allow":["GET"]}}],"collection":[{"href":"https:\/\/www.rmch.es\/index.php\/wp-json\/wp\/v2\/pages"}],"about":[{"href":"https:\/\/www.rmch.es\/index.php\/wp-json\/wp\/v2\/types\/page"}],"author":[{"embeddable":true,"href":"https:\/\/www.rmch.es\/index.php\/wp-json\/wp\/v2\/users\/1"}],"replies":[{"embeddable":true,"href":"https:\/\/www.rmch.es\/index.php\/wp-json\/wp\/v2\/comments?post=306"}],"version-history":[{"count":9,"href":"https:\/\/www.rmch.es\/index.php\/wp-json\/wp\/v2\/pages\/306\/revisions"}],"predecessor-version":[{"id":6724,"href":"https:\/\/www.rmch.es\/index.php\/wp-json\/wp\/v2\/pages\/306\/revisions\/6724"}],"wp:attachment":[{"href":"https:\/\/www.rmch.es\/index.php\/wp-json\/wp\/v2\/media?parent=306"}],"curies":[{"name":"wp","href":"https:\/\/api.w.org\/{rel}","templated":true}]}}