{"id":396,"date":"2020-02-27T21:28:01","date_gmt":"2020-02-27T20:28:01","guid":{"rendered":"http:\/\/www.rmch.es\/?page_id=396"},"modified":"2020-02-27T21:28:01","modified_gmt":"2020-02-27T20:28:01","slug":"regidor-perpetuo-y-alcalde-ordinario-de-la-habana-1780","status":"publish","type":"page","link":"https:\/\/www.rmch.es\/index.php\/regidor-perpetuo-y-alcalde-ordinario-de-la-habana-1780\/","title":{"rendered":"Regidor Perpetuo y Alcalde Ordinario de La Habana 1780"},"content":{"rendered":"<p>[et_pb_section fb_built=&#8221;1&#8243; fullwidth=&#8221;on&#8221; _builder_version=&#8221;3.22&#8243; background_color=&#8221;#2ea3f2&#8243; use_background_color_gradient=&#8221;on&#8221; background_color_gradient_start=&#8221;#2ea3f2&#8243; background_color_gradient_end=&#8221;#2e6df4&#8243; background_color_gradient_direction=&#8221;330deg&#8221;][et_pb_fullwidth_header title=&#8221;Regidor Perpetuo y Alcalde Ordinario de La Habana ca. 1780&#8243; subhead=&#8221;Mateo Pedroso y Florencia, Gonz\u00e1lez de Carvajal y Gonz\u00e1lez de Alfonseca&#8221; content_max_width=&#8221;none&#8221; _builder_version=&#8221;3.16&#8243; background_color=&#8221;rgba(255, 255, 255, 0)&#8221; button_one_text_size__hover_enabled=&#8221;off&#8221; button_two_text_size__hover_enabled=&#8221;off&#8221; button_one_text_color__hover_enabled=&#8221;off&#8221; button_two_text_color__hover_enabled=&#8221;off&#8221; button_one_border_width__hover_enabled=&#8221;off&#8221; button_two_border_width__hover_enabled=&#8221;off&#8221; button_one_border_color__hover_enabled=&#8221;off&#8221; button_two_border_color__hover_enabled=&#8221;off&#8221; button_one_border_radius__hover_enabled=&#8221;off&#8221; button_two_border_radius__hover_enabled=&#8221;off&#8221; button_one_letter_spacing__hover_enabled=&#8221;off&#8221; button_two_letter_spacing__hover_enabled=&#8221;off&#8221; button_one_bg_color__hover_enabled=&#8221;off&#8221; button_two_bg_color__hover_enabled=&#8221;off&#8221;][\/et_pb_fullwidth_header][\/et_pb_section][et_pb_section fb_built=&#8221;1&#8243; _builder_version=&#8221;4.3.4&#8243;][et_pb_row column_structure=&#8221;1_2,1_2&#8243; _builder_version=&#8221;4.3.4&#8243;][et_pb_column type=&#8221;1_2&#8243; _builder_version=&#8221;4.3.4&#8243;][et_pb_image src=&#8221;https:\/\/www.rmch.es\/wp-content\/uploads\/2020\/02\/Vicente-Escobar-Retrato-Mateo-Pedroso.jpg&#8221; _builder_version=&#8221;4.3.4&#8243;][\/et_pb_image][\/et_pb_column][et_pb_column type=&#8221;1_2&#8243; _builder_version=&#8221;4.3.4&#8243;][et_pb_blurb title=&#8221;Regidor Perpetuo y Alcalde Ordinario de La Habana&#8221; use_icon=&#8221;on&#8221; font_icon=&#8221;%%148%%&#8221; _builder_version=&#8221;4.3.4&#8243; custom_padding=&#8221;||0px|||&#8221;]<\/p>\n<div style=\"caret-color: #222222; color: #222222; font-family: Arial, Helvetica, sans-serif; font-style: normal; font-variant-caps: normal; font-weight: normal; letter-spacing: normal; orphans: auto; text-align: start; text-indent: 0px; text-transform: none; white-space: normal; widows: auto; word-spacing: 0px; -webkit-text-size-adjust: auto; -webkit-text-stroke-width: 0px; text-decoration: none;\">Mateo Pedroso y Florencia, Gonz\u00e1lez de Carvajal y Gonz\u00e1lez de Alfonseca, <strong>Regidor Perpetuo y Alcalde Ordinario de La Habana<\/strong>, abuelo del II Marqu\u00e9s de Almendares, VI abuelo de la actual Marquesa de Almendares y Marquesa de Campo Florido.<\/div>\n<div style=\"caret-color: #222222; color: #222222; font-family: Arial, Helvetica, sans-serif; font-style: normal; font-variant-caps: normal; font-weight: normal; letter-spacing: normal; orphans: auto; text-align: start; text-indent: 0px; text-transform: none; white-space: normal; widows: auto; word-spacing: 0px; -webkit-text-size-adjust: auto; -webkit-text-stroke-width: 0px; text-decoration: none;\"><\/div>\n<div style=\"caret-color: #222222; color: #222222; font-family: Arial, Helvetica, sans-serif; font-style: normal; font-variant-caps: normal; font-weight: normal; letter-spacing: normal; orphans: auto; text-align: start; text-indent: 0px; text-transform: none; white-space: normal; widows: auto; word-spacing: 0px; -webkit-text-size-adjust: auto; -webkit-text-stroke-width: 0px; text-decoration: none;\"><\/div>\n<div style=\"caret-color: #222222; color: #222222; font-family: Arial, Helvetica, sans-serif; font-style: normal; font-variant-caps: normal; font-weight: normal; letter-spacing: normal; orphans: auto; text-align: start; text-indent: 0px; text-transform: none; white-space: normal; widows: auto; word-spacing: 0px; -webkit-text-size-adjust: auto; -webkit-text-stroke-width: 0px; text-decoration: none;\"><\/div>\n<div style=\"caret-color: #222222; color: #222222; font-family: Arial, Helvetica, sans-serif; font-style: normal; font-variant-caps: normal; font-weight: normal; letter-spacing: normal; orphans: auto; text-align: start; text-indent: 0px; text-transform: none; white-space: normal; widows: auto; word-spacing: 0px; -webkit-text-size-adjust: auto; -webkit-text-stroke-width: 0px; text-decoration: none;\">Pintado por Vicente Escobar ca. 1780.<\/div>\n<p><span style=\"caret-color: #222222; color: #222222; font-family: Arial, Helvetica, sans-serif; font-size: small; font-style: normal; font-variant-caps: normal; font-weight: normal; letter-spacing: normal; orphans: auto; text-align: start; text-indent: 0px; text-transform: none; white-space: normal; widows: auto; word-spacing: 0px; -webkit-text-size-adjust: auto; -webkit-text-stroke-width: 0px; background-color: #ffffff; text-decoration: none; display: inline !important; float: none;\">\u00a0<\/span><\/p>\n<p>[\/et_pb_blurb][\/et_pb_column][\/et_pb_row][et_pb_row column_structure=&#8221;1_2,1_2&#8243; _builder_version=&#8221;4.3.4&#8243;][et_pb_column type=&#8221;1_2&#8243; _builder_version=&#8221;4.3.4&#8243;][et_pb_signup title=&#8221;Suscribete&#8221; description=&#8221;<\/p>\n<p><span class=%22st%22><em>Suscribete a nuestro newsletter<\/em><\/span><\/p>\n<p>&#8221; _builder_version=&#8221;4.3.4&#8243; hover_enabled=&#8221;0&#8243; mailchimp_list=&#8221;sasan@rmches|7f4f728f00&#8243;][\/et_pb_signup][\/et_pb_column][et_pb_column type=&#8221;1_2&#8243; _builder_version=&#8221;4.3.4&#8243;][et_pb_image src=&#8221;https:\/\/www.rmch.es\/wp-content\/uploads\/2019\/11\/habana2-2.jpg&#8221; align=&#8221;center&#8221; _builder_version=&#8221;4.3.4&#8243;][\/et_pb_image][\/et_pb_column][\/et_pb_row][\/et_pb_section]<\/p>\n","protected":false},"excerpt":{"rendered":"<p>Mateo Pedroso y Florencia, Gonz\u00e1lez de Carvajal y Gonz\u00e1lez de Alfonseca, Regidor Perpetuo y Alcalde Ordinario de La Habana, abuelo del II Marqu\u00e9s de Almendares, VI abuelo de la actual Marquesa de Almendares y Marquesa de Campo Florido. Pintado por Vicente Escobar ca. 1780. \u00a0<\/p>\n","protected":false},"author":1,"featured_media":0,"parent":0,"menu_order":0,"comment_status":"closed","ping_status":"closed","template":"","meta":{"_et_pb_use_builder":"on","_et_pb_old_content":"","_et_gb_content_width":"","content-type":"","footnotes":""},"class_list":["post-396","page","type-page","status-publish","hentry"],"yoast_head":"<!-- This site is optimized with the Yoast SEO plugin v27.3 - https:\/\/yoast.com\/product\/yoast-seo-wordpress\/ -->\n<title>Regidor Perpetuo y Alcalde Ordinario de La Habana 1780 - Real Maestranza de Caballer\u00eda de La Habana<\/title>\n<meta name=\"robots\" content=\"index, follow, max-snippet:-1, max-image-preview:large, max-video-preview:-1\" \/>\n<link rel=\"canonical\" href=\"https:\/\/www.rmch.es\/index.php\/regidor-perpetuo-y-alcalde-ordinario-de-la-habana-1780\/\" \/>\n<meta property=\"og:locale\" content=\"es_ES\" \/>\n<meta property=\"og:type\" content=\"article\" \/>\n<meta property=\"og:title\" content=\"Regidor Perpetuo y Alcalde Ordinario de La Habana 1780 - Real Maestranza de Caballer\u00eda de La Habana\" \/>\n<meta property=\"og:description\" content=\"Mateo Pedroso y Florencia, Gonz\u00e1lez de Carvajal y Gonz\u00e1lez de Alfonseca, Regidor Perpetuo y Alcalde Ordinario de La Habana, abuelo del II Marqu\u00e9s de Almendares, VI abuelo de la actual Marquesa de Almendares y Marquesa de Campo Florido. Pintado por Vicente Escobar ca. 1780. \u00a0\" \/>\n<meta property=\"og:url\" content=\"https:\/\/www.rmch.es\/index.php\/regidor-perpetuo-y-alcalde-ordinario-de-la-habana-1780\/\" \/>\n<meta property=\"og:site_name\" content=\"Real Maestranza de Caballer\u00eda de La Habana\" \/>\n<meta name=\"twitter:card\" content=\"summary_large_image\" \/>\n<meta name=\"twitter:label1\" content=\"Tiempo de lectura\" \/>\n\t<meta name=\"twitter:data1\" content=\"2 minutos\" \/>\n<script type=\"application\/ld+json\" class=\"yoast-schema-graph\">{\"@context\":\"https:\\\/\\\/schema.org\",\"@graph\":[{\"@type\":\"WebPage\",\"@id\":\"https:\\\/\\\/www.rmch.es\\\/index.php\\\/regidor-perpetuo-y-alcalde-ordinario-de-la-habana-1780\\\/\",\"url\":\"https:\\\/\\\/www.rmch.es\\\/index.php\\\/regidor-perpetuo-y-alcalde-ordinario-de-la-habana-1780\\\/\",\"name\":\"Regidor Perpetuo y Alcalde Ordinario de La Habana 1780 - Real Maestranza de Caballer\u00eda de La Habana\",\"isPartOf\":{\"@id\":\"https:\\\/\\\/www.rmch.es\\\/#website\"},\"datePublished\":\"2020-02-27T20:28:01+00:00\",\"breadcrumb\":{\"@id\":\"https:\\\/\\\/www.rmch.es\\\/index.php\\\/regidor-perpetuo-y-alcalde-ordinario-de-la-habana-1780\\\/#breadcrumb\"},\"inLanguage\":\"es\",\"potentialAction\":[{\"@type\":\"ReadAction\",\"target\":[\"https:\\\/\\\/www.rmch.es\\\/index.php\\\/regidor-perpetuo-y-alcalde-ordinario-de-la-habana-1780\\\/\"]}]},{\"@type\":\"BreadcrumbList\",\"@id\":\"https:\\\/\\\/www.rmch.es\\\/index.php\\\/regidor-perpetuo-y-alcalde-ordinario-de-la-habana-1780\\\/#breadcrumb\",\"itemListElement\":[{\"@type\":\"ListItem\",\"position\":1,\"name\":\"Portada\",\"item\":\"https:\\\/\\\/www.rmch.es\\\/\"},{\"@type\":\"ListItem\",\"position\":2,\"name\":\"Regidor Perpetuo y Alcalde Ordinario de La Habana 1780\"}]},{\"@type\":\"WebSite\",\"@id\":\"https:\\\/\\\/www.rmch.es\\\/#website\",\"url\":\"https:\\\/\\\/www.rmch.es\\\/\",\"name\":\"Real Maestranza de Caballer\u00eda de La Habana\",\"description\":\"Real Maestranza de Caballer\u00eda de La Habana,\",\"publisher\":{\"@id\":\"https:\\\/\\\/www.rmch.es\\\/#organization\"},\"potentialAction\":[{\"@type\":\"SearchAction\",\"target\":{\"@type\":\"EntryPoint\",\"urlTemplate\":\"https:\\\/\\\/www.rmch.es\\\/?s={search_term_string}\"},\"query-input\":{\"@type\":\"PropertyValueSpecification\",\"valueRequired\":true,\"valueName\":\"search_term_string\"}}],\"inLanguage\":\"es\"},{\"@type\":\"Organization\",\"@id\":\"https:\\\/\\\/www.rmch.es\\\/#organization\",\"name\":\"Real Maestranza de Caballer\u00eda de La Habana\",\"url\":\"https:\\\/\\\/www.rmch.es\\\/\",\"logo\":{\"@type\":\"ImageObject\",\"inLanguage\":\"es\",\"@id\":\"https:\\\/\\\/www.rmch.es\\\/#\\\/schema\\\/logo\\\/image\\\/\",\"url\":\"https:\\\/\\\/www.rmch.es\\\/wp-content\\\/uploads\\\/2019\\\/11\\\/Emblem_of_the_Royal_Cavalry_Armory_of_Havana.svg_.png\",\"contentUrl\":\"https:\\\/\\\/www.rmch.es\\\/wp-content\\\/uploads\\\/2019\\\/11\\\/Emblem_of_the_Royal_Cavalry_Armory_of_Havana.svg_.png\",\"width\":500,\"height\":629,\"caption\":\"Real Maestranza de Caballer\u00eda de La Habana\"},\"image\":{\"@id\":\"https:\\\/\\\/www.rmch.es\\\/#\\\/schema\\\/logo\\\/image\\\/\"}}]}<\/script>\n<!-- \/ Yoast SEO plugin. -->","yoast_head_json":{"title":"Regidor Perpetuo y Alcalde Ordinario de La Habana 1780 - Real Maestranza de Caballer\u00eda de La Habana","robots":{"index":"index","follow":"follow","max-snippet":"max-snippet:-1","max-image-preview":"max-image-preview:large","max-video-preview":"max-video-preview:-1"},"canonical":"https:\/\/www.rmch.es\/index.php\/regidor-perpetuo-y-alcalde-ordinario-de-la-habana-1780\/","og_locale":"es_ES","og_type":"article","og_title":"Regidor Perpetuo y Alcalde Ordinario de La Habana 1780 - Real Maestranza de Caballer\u00eda de La Habana","og_description":"Mateo Pedroso y Florencia, Gonz\u00e1lez de Carvajal y Gonz\u00e1lez de Alfonseca, Regidor Perpetuo y Alcalde Ordinario de La Habana, abuelo del II Marqu\u00e9s de Almendares, VI abuelo de la actual Marquesa de Almendares y Marquesa de Campo Florido. Pintado por Vicente Escobar ca. 1780. \u00a0","og_url":"https:\/\/www.rmch.es\/index.php\/regidor-perpetuo-y-alcalde-ordinario-de-la-habana-1780\/","og_site_name":"Real Maestranza de Caballer\u00eda de La Habana","twitter_card":"summary_large_image","twitter_misc":{"Tiempo de lectura":"2 minutos"},"schema":{"@context":"https:\/\/schema.org","@graph":[{"@type":"WebPage","@id":"https:\/\/www.rmch.es\/index.php\/regidor-perpetuo-y-alcalde-ordinario-de-la-habana-1780\/","url":"https:\/\/www.rmch.es\/index.php\/regidor-perpetuo-y-alcalde-ordinario-de-la-habana-1780\/","name":"Regidor Perpetuo y Alcalde Ordinario de La Habana 1780 - Real Maestranza de Caballer\u00eda de La Habana","isPartOf":{"@id":"https:\/\/www.rmch.es\/#website"},"datePublished":"2020-02-27T20:28:01+00:00","breadcrumb":{"@id":"https:\/\/www.rmch.es\/index.php\/regidor-perpetuo-y-alcalde-ordinario-de-la-habana-1780\/#breadcrumb"},"inLanguage":"es","potentialAction":[{"@type":"ReadAction","target":["https:\/\/www.rmch.es\/index.php\/regidor-perpetuo-y-alcalde-ordinario-de-la-habana-1780\/"]}]},{"@type":"BreadcrumbList","@id":"https:\/\/www.rmch.es\/index.php\/regidor-perpetuo-y-alcalde-ordinario-de-la-habana-1780\/#breadcrumb","itemListElement":[{"@type":"ListItem","position":1,"name":"Portada","item":"https:\/\/www.rmch.es\/"},{"@type":"ListItem","position":2,"name":"Regidor Perpetuo y Alcalde Ordinario de La Habana 1780"}]},{"@type":"WebSite","@id":"https:\/\/www.rmch.es\/#website","url":"https:\/\/www.rmch.es\/","name":"Real Maestranza de Caballer\u00eda de La Habana","description":"Real Maestranza de Caballer\u00eda de La Habana,","publisher":{"@id":"https:\/\/www.rmch.es\/#organization"},"potentialAction":[{"@type":"SearchAction","target":{"@type":"EntryPoint","urlTemplate":"https:\/\/www.rmch.es\/?s={search_term_string}"},"query-input":{"@type":"PropertyValueSpecification","valueRequired":true,"valueName":"search_term_string"}}],"inLanguage":"es"},{"@type":"Organization","@id":"https:\/\/www.rmch.es\/#organization","name":"Real Maestranza de Caballer\u00eda de La Habana","url":"https:\/\/www.rmch.es\/","logo":{"@type":"ImageObject","inLanguage":"es","@id":"https:\/\/www.rmch.es\/#\/schema\/logo\/image\/","url":"https:\/\/www.rmch.es\/wp-content\/uploads\/2019\/11\/Emblem_of_the_Royal_Cavalry_Armory_of_Havana.svg_.png","contentUrl":"https:\/\/www.rmch.es\/wp-content\/uploads\/2019\/11\/Emblem_of_the_Royal_Cavalry_Armory_of_Havana.svg_.png","width":500,"height":629,"caption":"Real Maestranza de Caballer\u00eda de La Habana"},"image":{"@id":"https:\/\/www.rmch.es\/#\/schema\/logo\/image\/"}}]}},"_links":{"self":[{"href":"https:\/\/www.rmch.es\/index.php\/wp-json\/wp\/v2\/pages\/396","targetHints":{"allow":["GET"]}}],"collection":[{"href":"https:\/\/www.rmch.es\/index.php\/wp-json\/wp\/v2\/pages"}],"about":[{"href":"https:\/\/www.rmch.es\/index.php\/wp-json\/wp\/v2\/types\/page"}],"author":[{"embeddable":true,"href":"https:\/\/www.rmch.es\/index.php\/wp-json\/wp\/v2\/users\/1"}],"replies":[{"embeddable":true,"href":"https:\/\/www.rmch.es\/index.php\/wp-json\/wp\/v2\/comments?post=396"}],"version-history":[{"count":4,"href":"https:\/\/www.rmch.es\/index.php\/wp-json\/wp\/v2\/pages\/396\/revisions"}],"predecessor-version":[{"id":422,"href":"https:\/\/www.rmch.es\/index.php\/wp-json\/wp\/v2\/pages\/396\/revisions\/422"}],"wp:attachment":[{"href":"https:\/\/www.rmch.es\/index.php\/wp-json\/wp\/v2\/media?parent=396"}],"curies":[{"name":"wp","href":"https:\/\/api.w.org\/{rel}","templated":true}]}}